{"id":136,"date":"2021-05-18T19:17:58","date_gmt":"2021-05-18T17:17:58","guid":{"rendered":"http:\/\/192.168.2.112\/?page_id=136"},"modified":"2025-03-05T13:07:49","modified_gmt":"2025-03-05T12:07:49","slug":"136-2","status":"publish","type":"page","link":"https:\/\/chavannes-le-veyron.ch\/index.php\/136-2\/","title":{"rendered":"Reglements communaux"},"content":{"rendered":"<p>[et_pb_section fb_built=\u00a0\u00bb1&Prime; _builder_version=\u00a0\u00bb4.20.4&Prime; _module_preset=\u00a0\u00bbdefault\u00a0\u00bb background_image=\u00a0\u00bbhttps:\/\/chavannes-le-veyron.ch\/wp-content\/uploads\/2023\/04\/Controle-hab.-Formalites-IMG_2467-scaled.jpg\u00a0\u00bb parallax=\u00a0\u00bbon\u00a0\u00bb min_height=\u00a0\u00bb231px\u00a0\u00bb height=\u00a0\u00bb345px\u00a0\u00bb global_colors_info=\u00a0\u00bb{}\u00a0\u00bb][\/et_pb_section][et_pb_section fb_built=\u00a0\u00bb1&Prime; _builder_version=\u00a0\u00bb4.16&Prime; _module_preset=\u00a0\u00bbdefault\u00a0\u00bb global_colors_info=\u00a0\u00bb{}\u00a0\u00bb][et_pb_row _builder_version=\u00a0\u00bb4.16&Prime; _module_preset=\u00a0\u00bbdefault\u00a0\u00bb global_colors_info=\u00a0\u00bb{}\u00a0\u00bb][et_pb_column type=\u00a0\u00bb4_4&Prime; _builder_version=\u00a0\u00bb4.16&Prime; _module_preset=\u00a0\u00bbdefault\u00a0\u00bb global_colors_info=\u00a0\u00bb{}\u00a0\u00bb][et_pb_text _builder_version=\u00a0\u00bb4.16&Prime; _module_preset=\u00a0\u00bbdefault\u00a0\u00bb global_colors_info=\u00a0\u00bb{}\u00a0\u00bb]<\/p>\n<h2 class=\"entry-title\"><strong>R\u00e8glements communaux<\/strong><\/h2>\n<p>[\/et_pb_text][\/et_pb_column][\/et_pb_row][et_pb_row _builder_version=\u00a0\u00bb4.16&Prime; _module_preset=\u00a0\u00bbdefault\u00a0\u00bb global_colors_info=\u00a0\u00bb{}\u00a0\u00bb][et_pb_column type=\u00a0\u00bb4_4&Prime; _builder_version=\u00a0\u00bb4.16&Prime; _module_preset=\u00a0\u00bbdefault\u00a0\u00bb global_colors_info=\u00a0\u00bb{}\u00a0\u00bb][et_pb_text _builder_version=\u00a0\u00bb4.27.4&Prime; _module_preset=\u00a0\u00bbdefault\u00a0\u00bb custom_margin=\u00a0\u00bb-34px|||||\u00a0\u00bb hover_enabled=\u00a0\u00bb0&Prime; global_colors_info=\u00a0\u00bb{}\u00a0\u00bb sticky_enabled=\u00a0\u00bb0&Prime;]<\/p>\n<ul>\n<li><a title=\"R\u00e8glement de police\" href=\"\/wp-content\/uploads\/2021\/07\/reg_police.pdf\" target=\"_blank\" rel=\"noopener\"> R\u00e8glement de police<\/a><\/li>\n<li><a title=\"R\u00e8glement communal sur l\u2019\u00e9vacuation et l\u2019\u00e9puration des eaux\" href=\"\/wp-content\/uploads\/2021\/07\/reg_com_epu_eau.pdf\" target=\"_blank\" rel=\"noopener\">R\u00e8glement communal sur l\u2019\u00e9vacuation et l\u2019\u00e9puration des eaux<\/a> et son <a title=\"https:\/\/chavannes-le-veyron.ch\/wp-content\/uploads\/2023\/06\/Annexe-au-reglement-sur-lepuration-des-eaux.pdf\" href=\"https:\/\/chavannes-le-veyron.ch\/wp-content\/uploads\/2023\/06\/Annexe-au-reglement-sur-lepuration-des-eaux.pdf\" target=\"_blank\" rel=\"noopener\">Annexe<\/a><\/li>\n<li><a title=\"R\u00e8glement pour le service de distribution d\u2019eau et son Annexe.\" href=\"\/wp-content\/uploads\/2023\/10\/Reglement.pdf\" target=\"_blank\" rel=\"noopener\">R\u00e8glement pour le service de distribution d\u2019eau et son Annexe.<\/a><\/li>\n<li><a title=\"R\u00e9glement sur le plan d'affectation et la police des construction\" href=\"\/wp-content\/uploads\/2021\/07\/reg_com_plan_aff_const.pdf\" target=\"_blank\" rel=\"noopener\">R\u00e8glement communal sur le plan d\u2019affectation et la police des constructions<\/a><\/li>\n<li><a title=\"R\u00e8glement communal sur les \u00e9moluments administratifs et les contributions de remplacement en mati\u00e8re d\u2019am\u00e9nagement du territoire et de police des constructions et son Annexe.\" href=\"\/wp-content\/uploads\/2024\/09\/Reglement-emoluments-amenagement-territoire-police-constructions.pdf\" target=\"_blank\" rel=\"noopener\">R\u00e8glement communal sur les \u00e9moluments administratifs et les contributions de remplacement en mati\u00e8re d\u2019am\u00e9nagement du territoire et de police des constructions et son Annexe.<\/a><\/li>\n<li><a title=\"R\u00e9glement sur la gestion des d\u00e9chets\" href=\"\/wp-content\/uploads\/2021\/07\/reglement_taxe_dechets.pdf\" target=\"_blank\" rel=\"noopener\">R\u00e8glement communal sur la gestion des d\u00e9chets<\/a><\/li>\n<li><a href=\"\/wp-content\/uploads\/2021\/07\/re_inter_dechetterie.pdf\" target=\"_blank\" rel=\"noopener\">R\u00e8glement int\u00e9rieur de la d\u00e9chetterie<\/a><\/li>\n<li><a href=\"\/wp-content\/uploads\/2021\/07\/Feu_autorise.pdf\" target=\"_blank\" rel=\"noopener\">Incin\u00e9ration de d\u00e9chets en plein air<\/a><\/li>\n<li><a href=\"https:\/\/chavannes-le-veyron.ch\/wp-content\/uploads\/2025\/03\/Reglement_taxe_sejour_et_residences_sec.pdf\" rel=\"attachment wp-att-2729\">R\u00e8glement relatif \u00e0 la taxe de s\u00e9jour et \u00e0 la taxe sur les r\u00e9sidences secondaires de la commune de Chavannes-le-Veyron<\/a><\/li>\n<\/ul>\n<h2><strong>Loi<\/strong><\/h2>\n<ul>\n<li><a title=\"Loi sur la distribution de l'eau (LDE)\" href=\"\/wp-content\/uploads\/2021\/07\/LDE_Loi-_sur_la_distribution_de_eau-1.pdf\" target=\"_blank\" rel=\"noopener\">Loi sur la distribution de l\u2019eau (LDE)<\/a><\/li>\n<\/ul>\n<h2><strong>R\u00e8glement du Conseil G\u00e9n\u00e9ral<\/strong><\/h2>\n<ul>\n<li><a title=\"R\u00e9glement du Conseil G\u00e9n\u00e9ral\" href=\"\/wp-content\/uploads\/2021\/07\/re_conseil_general_2015.pdf\" target=\"_blank\" rel=\"noopener\">R\u00e8glement du Conseil G\u00e9n\u00e9ral<\/a><\/li>\n<\/ul>\n<p>[\/et_pb_text][\/et_pb_column][\/et_pb_row][\/et_pb_section]<\/p>\n","protected":false},"excerpt":{"rendered":"<p>R\u00e8glements communaux R\u00e8glement de police R\u00e8glement communal sur l\u2019\u00e9vacuation et l\u2019\u00e9puration des eaux et son Annexe R\u00e8glement pour le service de distribution d\u2019eau et son Annexe. R\u00e8glement communal sur le [&hellip;]<\/p>\n","protected":false},"author":1,"featured_media":0,"parent":0,"menu_order":0,"comment_status":"closed","ping_status":"closed","template":"","meta":{"_et_pb_use_builder":"on","_et_pb_old_content":"","_et_gb_content_width":"","footnotes":""},"class_list":["post-136","page","type-page","status-publish","hentry"],"_links":{"self":[{"href":"https:\/\/chavannes-le-veyron.ch\/index.php\/wp-json\/wp\/v2\/pages\/136","targetHints":{"allow":["GET"]}}],"collection":[{"href":"https:\/\/chavannes-le-veyron.ch\/index.php\/wp-json\/wp\/v2\/pages"}],"about":[{"href":"https:\/\/chavannes-le-veyron.ch\/index.php\/wp-json\/wp\/v2\/types\/page"}],"author":[{"embeddable":true,"href":"https:\/\/chavannes-le-veyron.ch\/index.php\/wp-json\/wp\/v2\/users\/1"}],"replies":[{"embeddable":true,"href":"https:\/\/chavannes-le-veyron.ch\/index.php\/wp-json\/wp\/v2\/comments?post=136"}],"version-history":[{"count":34,"href":"https:\/\/chavannes-le-veyron.ch\/index.php\/wp-json\/wp\/v2\/pages\/136\/revisions"}],"predecessor-version":[{"id":2733,"href":"https:\/\/chavannes-le-veyron.ch\/index.php\/wp-json\/wp\/v2\/pages\/136\/revisions\/2733"}],"wp:attachment":[{"href":"https:\/\/chavannes-le-veyron.ch\/index.php\/wp-json\/wp\/v2\/media?parent=136"}],"curies":[{"name":"wp","href":"https:\/\/api.w.org\/{rel}","templated":true}]}}