{"id":150,"date":"2021-05-18T19:23:50","date_gmt":"2021-05-18T17:23:50","guid":{"rendered":"http:\/\/192.168.2.112\/?page_id=150"},"modified":"2023-04-22T15:34:01","modified_gmt":"2023-04-22T13:34:01","slug":"150-2","status":"publish","type":"page","link":"https:\/\/chavannes-le-veyron.ch\/index.php\/150-2\/","title":{"rendered":"Gaz \/ Electricite"},"content":{"rendered":"<p>[et_pb_section fb_built=\u00a0\u00bb1&Prime; theme_builder_area=\u00a0\u00bbpost_content\u00a0\u00bb _builder_version=\u00a0\u00bb4.20.4&Prime; _module_preset=\u00a0\u00bbdefault\u00a0\u00bb title_text=\u00a0\u00bbServices-communaux-IMG_2800&Prime; background_image=\u00a0\u00bbhttps:\/\/chavannes-le-veyron.ch\/wp-content\/uploads\/2023\/04\/Services-communaux-IMG_2800-scaled.jpg\u00a0\u00bb background_position=\u00a0\u00bbbottom_center\u00a0\u00bb height=\u00a0\u00bb345px\u00a0\u00bb background_vertical_offset=\u00a0\u00bb30%\u00a0\u00bb hover_enabled=\u00a0\u00bb0&Prime; sticky_enabled=\u00a0\u00bb0&Prime;][\/et_pb_section][et_pb_section fb_built=\u00a0\u00bb1&Prime; specialty=\u00a0\u00bbon\u00a0\u00bb _builder_version=\u00a0\u00bb4.16&Prime; _module_preset=\u00a0\u00bbdefault\u00a0\u00bb global_colors_info=\u00a0\u00bb{}\u00a0\u00bb][et_pb_column type=\u00a0\u00bb3_4&Prime; specialty_columns=\u00a0\u00bb3&Prime; _builder_version=\u00a0\u00bb4.16&Prime; custom_padding=\u00a0\u00bb|||\u00a0\u00bb global_colors_info=\u00a0\u00bb{}\u00a0\u00bb custom_padding__hover=\u00a0\u00bb|||\u00a0\u00bb][et_pb_row_inner _builder_version=\u00a0\u00bb4.16&Prime; _module_preset=\u00a0\u00bbdefault\u00a0\u00bb global_colors_info=\u00a0\u00bb{}\u00a0\u00bb][et_pb_column_inner saved_specialty_column_type=\u00a0\u00bb3_4&Prime; _builder_version=\u00a0\u00bb4.16&Prime; _module_preset=\u00a0\u00bbdefault\u00a0\u00bb global_colors_info=\u00a0\u00bb{}\u00a0\u00bb][et_pb_text _builder_version=\u00a0\u00bb4.19.0&Prime; _module_preset=\u00a0\u00bbdefault\u00a0\u00bb global_colors_info=\u00a0\u00bb{}\u00a0\u00bb]<\/p>\n<h1><strong>Gaz \/ Electricit\u00e9 \/ T\u00e9l\u00e9phonie<\/strong><\/h1>\n<p>[\/et_pb_text][\/et_pb_column_inner][\/et_pb_row_inner][et_pb_row_inner _builder_version=\u00a0\u00bb4.16&Prime; _module_preset=\u00a0\u00bbdefault\u00a0\u00bb global_colors_info=\u00a0\u00bb{}\u00a0\u00bb][et_pb_column_inner saved_specialty_column_type=\u00a0\u00bb3_4&Prime; _builder_version=\u00a0\u00bb4.16&Prime; _module_preset=\u00a0\u00bbdefault\u00a0\u00bb global_colors_info=\u00a0\u00bb{}\u00a0\u00bb][et_pb_text _builder_version=\u00a0\u00bb4.19.0&Prime; _module_preset=\u00a0\u00bbdefault\u00a0\u00bb global_colors_info=\u00a0\u00bb{}\u00a0\u00bb]<\/p>\n<p>La commune de Chavannes-le-Veyron a recours \u00e0 divers partenaires concernant son approvisionnement en \u00e9lectricit\u00e9 et en gaz.<\/p>\n<p>La commune est \u00e9quip\u00e9e par un <strong>r\u00e9seau de gaz<\/strong> g\u00e9r\u00e9 par <strong>Cosvegaz SA<\/strong>. Cette soci\u00e9t\u00e9 a la t\u00e2che d&rsquo;approvisionner en gaz naturel diff\u00e9rentes r\u00e9gions du Pays de Vaud. Depuis sa cr\u00e9ation en 1980, le r\u00e9seau n\u2019a cess\u00e9 de se d\u00e9velopper pour s\u2019\u00e9tendre actuellement sur 83 communes comptabilisant ainsi 600 km de gazoducs.<\/p>\n<p>Les ventes de gaz sont sup\u00e9rieures \u00e0 400 millions de kWh consomm\u00e9s par plus de 4\u2019000 clients. Pour faire suite \u00e0 cette expansion et rester proche de ses clients, les 19 collaborateurs et collaboratrices de Cosvegaz S.A. sont aujourd\u2019hui r\u00e9partis entre diff\u00e9rents bureaux, mais le si\u00e8ge se situe \u00e0 Vevey.<\/p>\n<p> Cosvegaz SA<br \/>\nT\u00e9l : 0800 402 403<br \/>\ninfo@cosvegaz.ch<br \/>\nwww.cosvegaz.ch\n<\/p>\n<p>&nbsp;<\/p>\n<p>La <strong>Romande Energie<\/strong> distribue <strong>l\u2019\u00e9lectricit\u00e9<\/strong> au sein des communes, des entreprises et des m\u00e9nages du Canton de Vaud et du Bas-Valais. En 1997, les actionnaires de la Compagnie Vaudoise d&rsquo;Electricit\u00e9 (CVE) et ceux de la Soci\u00e9t\u00e9 Romande d&rsquo;Electricit\u00e9 (SRE) d\u00e9cident de r\u00e9unir les forces et les comp\u00e9tences de leurs entreprises sous le nom de \u00ab\u00a0Groupe CVE-Romande Energie\u00a0\u00bb.<\/p>\n<p>Depuis le printemps 2006, l&rsquo;ensemble des activit\u00e9s sont r\u00e9unies sous la raison sociale Romande Energie Holding SA.<\/p>\n<p> Romande Energie<br \/>\nT\u00e9l : 0848 802 900<br \/>\ninfo@romande-energie.ch<br \/>\nwww.romande-energie.ch\n<\/p>\n<p>&nbsp;<\/p>\n<p><strong>Swisscom<\/strong> est quant \u00e0 lui propri\u00e9taire du <strong>r\u00e9seau de t\u00e9l\u00e9phonie<\/strong> du village. La fibre optique se trouve \u00e0 pr\u00e9sent disponible. Il est votre interlocuteur pour le rac\u00adcorde\u00adment d&rsquo;un im\u00admeuble en cas de transformation ou pour une construction neuve.<\/p>\n<p> Swisscom (Suisse) SA<br \/>\nT\u00e9l : 0800 477 587<br \/>\ninfo@@swisscom.com<br \/>\nwww.swisscom.ch\n<\/p>\n<p>[\/et_pb_text][\/et_pb_column_inner][\/et_pb_row_inner][\/et_pb_column][et_pb_column type=\u00a0\u00bb1_4&Prime; _builder_version=\u00a0\u00bb4.16&Prime; custom_padding=\u00a0\u00bb|||\u00a0\u00bb global_colors_info=\u00a0\u00bb{}\u00a0\u00bb custom_padding__hover=\u00a0\u00bb|||\u00a0\u00bb][et_pb_sidebar area=\u00a0\u00bbet_pb_widget_area_10&Prime; _builder_version=\u00a0\u00bb4.16&Prime; _module_preset=\u00a0\u00bbdefault\u00a0\u00bb custom_padding=\u00a0\u00bb12px|||8px|false|false\u00a0\u00bb sticky_position=\u00a0\u00bbtop_bottom\u00a0\u00bb sticky_position_tablet=\u00a0\u00bbnone\u00a0\u00bb sticky_position_phone=\u00a0\u00bb\u00a0\u00bb sticky_position_last_edited=\u00a0\u00bbon|desktop\u00a0\u00bb border_width_all=\u00a0\u00bb1px\u00a0\u00bb border_color_all=\u00a0\u00bb#0C71C3&Prime; global_colors_info=\u00a0\u00bb{}\u00a0\u00bb][\/et_pb_sidebar][\/et_pb_column][\/et_pb_section]<\/p>\n","protected":false},"excerpt":{"rendered":"<p>Gaz \/ Electricit\u00e9 \/ T\u00e9l\u00e9phonieLa commune de Chavannes-le-Veyron a recours \u00e0 divers partenaires concernant son approvisionnement en \u00e9lectricit\u00e9 et en gaz. La commune est \u00e9quip\u00e9e par un r\u00e9seau de gaz [&hellip;]<\/p>\n","protected":false},"author":1,"featured_media":0,"parent":0,"menu_order":0,"comment_status":"closed","ping_status":"closed","template":"","meta":{"_et_pb_use_builder":"on","_et_pb_old_content":"","_et_gb_content_width":"","footnotes":""},"class_list":["post-150","page","type-page","status-publish","hentry"],"_links":{"self":[{"href":"https:\/\/chavannes-le-veyron.ch\/index.php\/wp-json\/wp\/v2\/pages\/150","targetHints":{"allow":["GET"]}}],"collection":[{"href":"https:\/\/chavannes-le-veyron.ch\/index.php\/wp-json\/wp\/v2\/pages"}],"about":[{"href":"https:\/\/chavannes-le-veyron.ch\/index.php\/wp-json\/wp\/v2\/types\/page"}],"author":[{"embeddable":true,"href":"https:\/\/chavannes-le-veyron.ch\/index.php\/wp-json\/wp\/v2\/users\/1"}],"replies":[{"embeddable":true,"href":"https:\/\/chavannes-le-veyron.ch\/index.php\/wp-json\/wp\/v2\/comments?post=150"}],"version-history":[{"count":16,"href":"https:\/\/chavannes-le-veyron.ch\/index.php\/wp-json\/wp\/v2\/pages\/150\/revisions"}],"predecessor-version":[{"id":1904,"href":"https:\/\/chavannes-le-veyron.ch\/index.php\/wp-json\/wp\/v2\/pages\/150\/revisions\/1904"}],"wp:attachment":[{"href":"https:\/\/chavannes-le-veyron.ch\/index.php\/wp-json\/wp\/v2\/media?parent=150"}],"curies":[{"name":"wp","href":"https:\/\/api.w.org\/{rel}","templated":true}]}}