{"id":1719,"date":"2023-04-14T18:31:32","date_gmt":"2023-04-14T16:31:32","guid":{"rendered":"https:\/\/chavannes-le-veyron.ch\/?page_id=1719"},"modified":"2026-04-14T12:30:19","modified_gmt":"2026-04-14T10:30:19","slug":"1719-2","status":"publish","type":"page","link":"https:\/\/chavannes-le-veyron.ch\/index.php\/1719-2\/","title":{"rendered":"Police Securite"},"content":{"rendered":"<p>[et_pb_section fb_built=\u00a0\u00bb1&Prime; _builder_version=\u00a0\u00bb4.20.4&Prime; _module_preset=\u00a0\u00bbdefault\u00a0\u00bb background_image=\u00a0\u00bbhttps:\/\/chavannes-le-veyron.ch\/wp-content\/uploads\/2023\/04\/Pratique-Police-DJI_0170-scaled.jpg\u00a0\u00bb background_position=\u00a0\u00bbbottom_right\u00a0\u00bb background_vertical_offset=\u00a0\u00bb62%\u00a0\u00bb height=\u00a0\u00bb345px\u00a0\u00bb global_colors_info=\u00a0\u00bb{}\u00a0\u00bb][\/et_pb_section][et_pb_section fb_built=\u00a0\u00bb1&Prime; _builder_version=\u00a0\u00bb4.20.4&Prime; _module_preset=\u00a0\u00bbdefault\u00a0\u00bb global_colors_info=\u00a0\u00bb{}\u00a0\u00bb][et_pb_row _builder_version=\u00a0\u00bb4.20.4&Prime; _module_preset=\u00a0\u00bbdefault\u00a0\u00bb global_colors_info=\u00a0\u00bb{}\u00a0\u00bb][et_pb_column type=\u00a0\u00bb4_4&Prime; _builder_version=\u00a0\u00bb4.20.4&Prime; _module_preset=\u00a0\u00bbdefault\u00a0\u00bb global_colors_info=\u00a0\u00bb{}\u00a0\u00bb][et_pb_text _builder_version=\u00a0\u00bb4.20.4&Prime; _module_preset=\u00a0\u00bbdefault\u00a0\u00bb global_colors_info=\u00a0\u00bb{}\u00a0\u00bb]<\/p>\n<h2><strong>Police et s\u00e9curit\u00e9<\/strong><\/h2>\n<p>[\/et_pb_text][et_pb_text _builder_version=\u00a0\u00bb4.27.4&Prime; _module_preset=\u00a0\u00bbdefault\u00a0\u00bb hover_enabled=\u00a0\u00bb0&Prime; global_colors_info=\u00a0\u00bb{}\u00a0\u00bb sticky_enabled=\u00a0\u00bb0&Prime;]<\/p>\n<h1 class=\"entry-title\">Contacts utiles<\/h1>\n<p><strong>Police<\/strong> \/ Num\u00e9ro international d\u2019urgence : 117 \/ 112<br \/>Gendarmerie<br \/>Route de Morges 8<br \/>1304 Cossonay<br \/>Ma 7h30-12h00; Je 13h00-17h00<br \/>T\u00e9l. : 021 557 82 21<br \/><a href=\"https:\/\/chavannes-le-veyron.ch\/wp-content\/uploads\/2026\/04\/Panneau-GDM_pilier-public_CGM-Centre.pdf\" target=\"_blank\" rel=\"noopener\"> Informations suppl\u00e9mentaires ici<\/a><\/p>\n<p><strong>Feu<\/strong> : 118<br \/>Service D\u00e9fense Incendie et Secours R\u00e9gion Venoge (SDIS)<br \/>Commandant des pompiers : Maj Thierry BURNAT<br \/>Mobile : 079 332 11 17<\/p>\n<p><strong>Protection civile<\/strong> du district de Morges<br \/>T\u00e9l. : 021 338 03 10<\/p>\n<p><strong>Ambulance<\/strong> : 144<br \/><strong>Rega<\/strong> (Garde A\u00e9rienne Suisse Sauvetage) : 1414<\/p>\n<p><strong>Pharmacie de garde<\/strong> : <a href=\"https:\/\/garde.svph.ch\/\" target=\"_blank\" rel=\"noopener\">www.svph.ch<\/a><br \/>Centrale t\u00e9l\u00e9phonique des pharmacies et des m\u00e9decins de garde (VD) : 0848 133 133<\/p>\n<p><strong>MediGo application vaudoise t\u00e9l\u00e9chargeable sur votre smartphone<\/strong>. Elle permet de trouver facilement le centre d\u2019urgences m\u00e9dicales le plus proche de votre localisation et propose aussi des indicateurs d\u2019affluence mis \u00e0 jour en temps r\u00e9el. Disponible gratuitement sur App store et Google Play.<\/p>\n<p><strong>Surveillant de la faune<\/strong><br \/>M. Kim Pieracci<br \/>Mobile : 079 237 42 59<br \/>Permanences soirs, week-ends et jours f\u00e9ri\u00e9s<br \/>T\u00e9l : 021 557 88 55<\/p>\n<p><strong>Garde-p\u00eache<\/strong><br \/>M. Louis Deslarzes<br \/>Mobile : 079 237 42 70<br \/>Permanences soirs, week-ends et jours f\u00e9ri\u00e9s<br \/>T\u00e9l : 021 701 52 47<\/p>\n<p><strong>Voyer (Arrondissement Ouest)<\/strong><br \/>M. Gilles Warnery<br \/>T\u00e9l : 021 557 80 41<\/p>\n<p><strong>Pr\u00e9fecture<\/strong><br \/>Place St-Louis 4<br \/>Case postale<br \/>1110 Morges 1<br \/>T\u00e9l : 021 557 91 25<\/p>\n<p><strong>Justice de paix<\/strong><br \/>Rue St-Louis 2<br \/>1110 Morges<br \/>T\u00e9l. : 021 557 94 00<\/p>\n<p>[\/et_pb_text][\/et_pb_column][\/et_pb_row][\/et_pb_section]<\/p>\n","protected":false},"excerpt":{"rendered":"<p>Police et s\u00e9curit\u00e9Contacts utiles Police \/ Num\u00e9ro international d\u2019urgence : 117 \/ 112GendarmerieRoute de Morges 81304 CossonayMa 7h30-12h00; Je 13h00-17h00T\u00e9l. : 021 557 82 21 Informations suppl\u00e9mentaires ici Feu : [&hellip;]<\/p>\n","protected":false},"author":1,"featured_media":0,"parent":0,"menu_order":0,"comment_status":"closed","ping_status":"closed","template":"","meta":{"_et_pb_use_builder":"on","_et_pb_old_content":"","_et_gb_content_width":"","footnotes":""},"class_list":["post-1719","page","type-page","status-publish","hentry"],"_links":{"self":[{"href":"https:\/\/chavannes-le-veyron.ch\/index.php\/wp-json\/wp\/v2\/pages\/1719","targetHints":{"allow":["GET"]}}],"collection":[{"href":"https:\/\/chavannes-le-veyron.ch\/index.php\/wp-json\/wp\/v2\/pages"}],"about":[{"href":"https:\/\/chavannes-le-veyron.ch\/index.php\/wp-json\/wp\/v2\/types\/page"}],"author":[{"embeddable":true,"href":"https:\/\/chavannes-le-veyron.ch\/index.php\/wp-json\/wp\/v2\/users\/1"}],"replies":[{"embeddable":true,"href":"https:\/\/chavannes-le-veyron.ch\/index.php\/wp-json\/wp\/v2\/comments?post=1719"}],"version-history":[{"count":17,"href":"https:\/\/chavannes-le-veyron.ch\/index.php\/wp-json\/wp\/v2\/pages\/1719\/revisions"}],"predecessor-version":[{"id":3179,"href":"https:\/\/chavannes-le-veyron.ch\/index.php\/wp-json\/wp\/v2\/pages\/1719\/revisions\/3179"}],"wp:attachment":[{"href":"https:\/\/chavannes-le-veyron.ch\/index.php\/wp-json\/wp\/v2\/media?parent=1719"}],"curies":[{"name":"wp","href":"https:\/\/api.w.org\/{rel}","templated":true}]}}