{"id":194,"date":"2021-05-31T11:01:37","date_gmt":"2021-05-31T09:01:37","guid":{"rendered":"http:\/\/192.168.2.112\/?page_id=194"},"modified":"2023-04-22T16:00:11","modified_gmt":"2023-04-22T14:00:11","slug":"194-2","status":"publish","type":"page","link":"https:\/\/chavannes-le-veyron.ch\/index.php\/194-2\/","title":{"rendered":"Les Bourla-Papey"},"content":{"rendered":"<p>[et_pb_section fb_built=\u00a0\u00bb1&Prime; theme_builder_area=\u00a0\u00bbpost_content\u00a0\u00bb _builder_version=\u00a0\u00bb4.20.4&Prime; _module_preset=\u00a0\u00bbdefault\u00a0\u00bb title_text=\u00a0\u00bbcreated by dji camera\u00a0\u00bb background_image=\u00a0\u00bbhttps:\/\/chavannes-le-veyron.ch\/wp-content\/uploads\/2023\/04\/Notre-village-DJI_0120-scaled.jpg\u00a0\u00bb background_position=\u00a0\u00bbbottom_right\u00a0\u00bb background_vertical_offset=\u00a0\u00bb66%\u00a0\u00bb height=\u00a0\u00bb345px\u00a0\u00bb hover_enabled=\u00a0\u00bb0&Prime; sticky_enabled=\u00a0\u00bb0&Prime;][\/et_pb_section][et_pb_section fb_built=\u00a0\u00bb1&Prime; _builder_version=\u00a0\u00bb4.16&Prime; _module_preset=\u00a0\u00bbdefault\u00a0\u00bb global_colors_info=\u00a0\u00bb{}\u00a0\u00bb][et_pb_row _builder_version=\u00a0\u00bb4.16&Prime; _module_preset=\u00a0\u00bbdefault\u00a0\u00bb global_colors_info=\u00a0\u00bb{}\u00a0\u00bb][et_pb_column type=\u00a0\u00bb4_4&Prime; _builder_version=\u00a0\u00bb4.16&Prime; _module_preset=\u00a0\u00bbdefault\u00a0\u00bb global_colors_info=\u00a0\u00bb{}\u00a0\u00bb][et_pb_text _builder_version=\u00a0\u00bb4.16&Prime; _module_preset=\u00a0\u00bbdefault\u00a0\u00bb global_colors_info=\u00a0\u00bb{}\u00a0\u00bb]<\/p>\n<header class=\"entry-header\">\n<h1 class=\"entry-title\"><strong>Les Bourla-Papey<\/strong><\/h1>\n<\/header>\n<p>[\/et_pb_text][\/et_pb_column][\/et_pb_row][et_pb_row _builder_version=\u00a0\u00bb4.16&Prime; _module_preset=\u00a0\u00bbdefault\u00a0\u00bb global_colors_info=\u00a0\u00bb{}\u00a0\u00bb][et_pb_column type=\u00a0\u00bb4_4&Prime; _builder_version=\u00a0\u00bb4.16&Prime; _module_preset=\u00a0\u00bbdefault\u00a0\u00bb global_colors_info=\u00a0\u00bb{}\u00a0\u00bb][et_pb_text _builder_version=\u00a0\u00bb4.16&Prime; _module_preset=\u00a0\u00bbdefault\u00a0\u00bb global_colors_info=\u00a0\u00bb{}\u00a0\u00bb]<\/p>\n<div class=\"entry-content\">\n<p>M. Pierre Leuba, pasteur \u00e0 Cuarnens, d\u00e9plore dans l\u2019un de ses livres, que les archives anciennes de Chavannes soient si maigres. Il l\u2019explique par le fait que l\u2019un des chefs des Bourla-Papey \u00e9tait certainement un David de Chavannes.<br \/>Probablement que des papiers concernant l\u2019institution du Je\u00fbne du 21 juin ont \u00e9t\u00e9 br\u00fbl\u00e9s \u00e0 cette occasion.<br \/>Mme Suzanne Vial a lu un m\u00e9moire de Michel Pahud sur les Bourla-Papey. En voici quelques extraits concernant surtout notre r\u00e9gion :<\/p>\n<ul>\n<li>Vol des archives du Ch\u00e2teau de la Sarraz, dans la nuit du 19 au 20 f\u00e9vrier 1802.<\/li>\n<li>Vol au Ch\u00e2teau de Bi\u00e8re entre le 17 et 18 mars.<\/li>\n<li>Les brigands de Cossonay (environ 700 membres) arriv\u00e8rent aux portes de Lausanne le 1er mai. Suite \u00e0 un malentendu, ils n\u2019ont pas trouv\u00e9 les chefs et sont rentr\u00e9s. Cet incident a sauv\u00e9 les archives nationales.<\/li>\n<li>La nuit du 4 au 5 mai, ils sont revenus. Les premiers ch\u00e2teaux qui \u00e9prouv\u00e8rent leur fureur furent l\u2019Isle, Pampigny, S\u00e9very, Grancy, Vullierens, Cottens.<\/li>\n<\/ul>\n<p>Le propri\u00e9taire de ce dernier fut arrach\u00e9 nu de son lit, menac\u00e9 de la corde et sa femme poursuivie la ba\u00efonnette dans les reins.<br \/>Le grand David de Chavannes conduisait ces forcen\u00e9s.<br \/>R\u00e9partis en bande, les Bourla-Papey ont s\u00e9vi du ch\u00e2teau de la Lance (Concise) \u00e0 Coppet.<br \/>Les Bourla-Papey voulaient prendre l\u2019Arsenal de Morges. La fermet\u00e9 du sous-Pr\u00e9fet Mandroz, le courage intr\u00e9pide de ses fils et la bonne contenance d\u2019une quarantaine de soldats fran\u00e7ais le sauva.<br \/>Cela dura 12 jours et tous retourn\u00e8rent joyeusement dans leurs foyers.<br \/>Un cri d\u2019indignation s\u2019\u00e9leva dans toute la Suisse et m\u00eame en Europe. Les choses en seraient rest\u00e9es l\u00e0 si en juin, des paysans n\u2019avaient pas repris les armes \u00e0 Yverdon. Depuis, les condamnations sont arriv\u00e9es. A mort pour les chefs, prisons ou fortes contributions \u00e0 payer et commen\u00e7a pour beaucoup de paysans, des ann\u00e9es de pauvret\u00e9 et de mis\u00e8re.<\/p>\n<\/div>\n<p>[\/et_pb_text][\/et_pb_column][\/et_pb_row][\/et_pb_section]<\/p>\n","protected":false},"excerpt":{"rendered":"<p>Les Bourla-Papey M. Pierre Leuba, pasteur \u00e0 Cuarnens, d\u00e9plore dans l\u2019un de ses livres, que les archives anciennes de Chavannes soient si maigres. Il l\u2019explique par le fait que l\u2019un [&hellip;]<\/p>\n","protected":false},"author":1,"featured_media":0,"parent":0,"menu_order":0,"comment_status":"closed","ping_status":"closed","template":"","meta":{"_et_pb_use_builder":"on","_et_pb_old_content":"","_et_gb_content_width":"","footnotes":""},"class_list":["post-194","page","type-page","status-publish","hentry"],"_links":{"self":[{"href":"https:\/\/chavannes-le-veyron.ch\/index.php\/wp-json\/wp\/v2\/pages\/194","targetHints":{"allow":["GET"]}}],"collection":[{"href":"https:\/\/chavannes-le-veyron.ch\/index.php\/wp-json\/wp\/v2\/pages"}],"about":[{"href":"https:\/\/chavannes-le-veyron.ch\/index.php\/wp-json\/wp\/v2\/types\/page"}],"author":[{"embeddable":true,"href":"https:\/\/chavannes-le-veyron.ch\/index.php\/wp-json\/wp\/v2\/users\/1"}],"replies":[{"embeddable":true,"href":"https:\/\/chavannes-le-veyron.ch\/index.php\/wp-json\/wp\/v2\/comments?post=194"}],"version-history":[{"count":5,"href":"https:\/\/chavannes-le-veyron.ch\/index.php\/wp-json\/wp\/v2\/pages\/194\/revisions"}],"predecessor-version":[{"id":1941,"href":"https:\/\/chavannes-le-veyron.ch\/index.php\/wp-json\/wp\/v2\/pages\/194\/revisions\/1941"}],"wp:attachment":[{"href":"https:\/\/chavannes-le-veyron.ch\/index.php\/wp-json\/wp\/v2\/media?parent=194"}],"curies":[{"name":"wp","href":"https:\/\/api.w.org\/{rel}","templated":true}]}}