{"id":200,"date":"2021-05-31T11:02:43","date_gmt":"2021-05-31T09:02:43","guid":{"rendered":"http:\/\/192.168.2.112\/?page_id=200"},"modified":"2023-04-22T16:00:49","modified_gmt":"2023-04-22T14:00:49","slug":"200-2","status":"publish","type":"page","link":"https:\/\/chavannes-le-veyron.ch\/index.php\/200-2\/","title":{"rendered":"David de Chavannes"},"content":{"rendered":"<p>[et_pb_section fb_built=\u00a0\u00bb1&Prime; theme_builder_area=\u00a0\u00bbpost_content\u00a0\u00bb _builder_version=\u00a0\u00bb4.20.4&Prime; _module_preset=\u00a0\u00bbdefault\u00a0\u00bb title_text=\u00a0\u00bbcreated by dji camera\u00a0\u00bb background_image=\u00a0\u00bbhttps:\/\/chavannes-le-veyron.ch\/wp-content\/uploads\/2023\/04\/Notre-village-DJI_0120-scaled.jpg\u00a0\u00bb background_position=\u00a0\u00bbbottom_right\u00a0\u00bb background_vertical_offset=\u00a0\u00bb66%\u00a0\u00bb height=\u00a0\u00bb345px\u00a0\u00bb hover_enabled=\u00a0\u00bb0&Prime; sticky_enabled=\u00a0\u00bb0&Prime;][\/et_pb_section][et_pb_section fb_built=\u00a0\u00bb1&Prime; _builder_version=\u00a0\u00bb4.16&Prime; _module_preset=\u00a0\u00bbdefault\u00a0\u00bb global_colors_info=\u00a0\u00bb{}\u00a0\u00bb][et_pb_row _builder_version=\u00a0\u00bb4.16&Prime; _module_preset=\u00a0\u00bbdefault\u00a0\u00bb global_colors_info=\u00a0\u00bb{}\u00a0\u00bb][et_pb_column type=\u00a0\u00bb4_4&Prime; _builder_version=\u00a0\u00bb4.16&Prime; _module_preset=\u00a0\u00bbdefault\u00a0\u00bb global_colors_info=\u00a0\u00bb{}\u00a0\u00bb][et_pb_text _builder_version=\u00a0\u00bb4.16&Prime; _module_preset=\u00a0\u00bbdefault\u00a0\u00bb global_colors_info=\u00a0\u00bb{}\u00a0\u00bb]<\/p>\n<header class=\"entry-header\">\n<h1 class=\"entry-title\"><strong>David de Chavannes<\/strong><\/h1>\n<\/header>\n<p>[\/et_pb_text][\/et_pb_column][\/et_pb_row][et_pb_row _builder_version=\u00a0\u00bb4.16&Prime; _module_preset=\u00a0\u00bbdefault\u00a0\u00bb global_colors_info=\u00a0\u00bb{}\u00a0\u00bb][et_pb_column type=\u00a0\u00bb4_4&Prime; _builder_version=\u00a0\u00bb4.16&Prime; _module_preset=\u00a0\u00bbdefault\u00a0\u00bb global_colors_info=\u00a0\u00bb{}\u00a0\u00bb][et_pb_text _builder_version=\u00a0\u00bb4.16&Prime; _module_preset=\u00a0\u00bbdefault\u00a0\u00bb global_colors_info=\u00a0\u00bb{}\u00a0\u00bb]<\/p>\n<div class=\"entry-content\">\n<div>\n<div>\n<p>Jean-Fran\u00e7ois-Daniel David de Chavannes\u00a0 1774 \u2013 1802<\/p>\n<\/div>\n<\/div>\n<div>\n<p>Tu\u00e9 le 3 octobre 1802, lors de la reprise d\u2019Orbe par les troupes de Monod. Il avait 28 ans.<\/p>\n<p>En 1797, Jean-Daniel David est nomm\u00e9 officier, rattach\u00e9 \u00e0 Morges par les autorit\u00e9s bernoises.<\/p>\n<p>Le papier de sa nomination aux armes de Berne, \u00e9crit en ancien allemand, est d\u00e9pos\u00e9 dans les archives de Chavannes.<\/p>\n<p>Ce papier \u00e9tait en possession du grand-p\u00e8re de Suzanne Vial, Adrien Bettens. Elle suppose que cet \u00e9crit, rest\u00e9 chez son fr\u00e8re a \u00e9t\u00e9 donn\u00e9 \u00e0 son grand-p\u00e8re par sa tante Louise David Bettens car il \u00e9tait \u00e0 cette \u00e9poque, le seul \u00e0 Chavannes \u00e0 savoir parler, lire et \u00e9crire en allemand. Il avait appris cette langue \u00e0 l\u2019\u00e9cole secondaire de Cossonay.<\/p>\n<p>Dans un autre m\u00e9moire sur la prise d\u2019Orbe, Suzanne Vial a trouv\u00e9 des renseignements sur la mort de Jean-Daniel David.<\/p>\n<p><em>Quand la troupe de Monod est arriv\u00e9e \u00e0 Orbe, elle a \u00e9t\u00e9 repouss\u00e9e par les Bourla-Papey qui l\u2019occupaient gr\u00e2ce \u00e0 un canon. Mais voil\u00e0, n\u2019ayant plus d\u2019obus, ils ont charg\u00e9 leur canon avec 20 balles de fusils.<\/em><br \/><em>Ils ont tir\u00e9 et tout a explos\u00e9. Le chef Reymond a \u00e9t\u00e9 bless\u00e9 \u00e0 un bras et une balle a atteint mortellement le grand David de Chavannes-le-Veyron.<\/em><\/p>\n<\/div>\n<\/div>\n<p>[\/et_pb_text][\/et_pb_column][\/et_pb_row][\/et_pb_section]<\/p>\n","protected":false},"excerpt":{"rendered":"<p>David de Chavannes Jean-Fran\u00e7ois-Daniel David de Chavannes\u00a0 1774 \u2013 1802 Tu\u00e9 le 3 octobre 1802, lors de la reprise d\u2019Orbe par les troupes de Monod. Il avait 28 ans. En [&hellip;]<\/p>\n","protected":false},"author":1,"featured_media":0,"parent":0,"menu_order":0,"comment_status":"closed","ping_status":"closed","template":"","meta":{"_et_pb_use_builder":"on","_et_pb_old_content":"","_et_gb_content_width":"","footnotes":""},"class_list":["post-200","page","type-page","status-publish","hentry"],"_links":{"self":[{"href":"https:\/\/chavannes-le-veyron.ch\/index.php\/wp-json\/wp\/v2\/pages\/200","targetHints":{"allow":["GET"]}}],"collection":[{"href":"https:\/\/chavannes-le-veyron.ch\/index.php\/wp-json\/wp\/v2\/pages"}],"about":[{"href":"https:\/\/chavannes-le-veyron.ch\/index.php\/wp-json\/wp\/v2\/types\/page"}],"author":[{"embeddable":true,"href":"https:\/\/chavannes-le-veyron.ch\/index.php\/wp-json\/wp\/v2\/users\/1"}],"replies":[{"embeddable":true,"href":"https:\/\/chavannes-le-veyron.ch\/index.php\/wp-json\/wp\/v2\/comments?post=200"}],"version-history":[{"count":4,"href":"https:\/\/chavannes-le-veyron.ch\/index.php\/wp-json\/wp\/v2\/pages\/200\/revisions"}],"predecessor-version":[{"id":1943,"href":"https:\/\/chavannes-le-veyron.ch\/index.php\/wp-json\/wp\/v2\/pages\/200\/revisions\/1943"}],"wp:attachment":[{"href":"https:\/\/chavannes-le-veyron.ch\/index.php\/wp-json\/wp\/v2\/media?parent=200"}],"curies":[{"name":"wp","href":"https:\/\/api.w.org\/{rel}","templated":true}]}}