{"id":379,"date":"2021-06-01T19:52:00","date_gmt":"2021-06-01T17:52:00","guid":{"rendered":"http:\/\/192.168.2.112\/?page_id=379"},"modified":"2026-02-06T12:35:31","modified_gmt":"2026-02-06T11:35:31","slug":"379-2","status":"publish","type":"page","link":"https:\/\/chavannes-le-veyron.ch\/index.php\/379-2\/","title":{"rendered":"Eaux \/ Epuration"},"content":{"rendered":"<p>[et_pb_section fb_built=\u00a0\u00bb1&Prime; _builder_version=\u00a0\u00bb4.20.4&Prime; _module_preset=\u00a0\u00bbdefault\u00a0\u00bb background_image=\u00a0\u00bbhttps:\/\/chavannes-le-veyron.ch\/wp-content\/uploads\/2023\/04\/Services-communaux-Eau-IMG_2748-scaled.jpg\u00a0\u00bb background_position=\u00a0\u00bbbottom_right\u00a0\u00bb height=\u00a0\u00bb345px\u00a0\u00bb global_colors_info=\u00a0\u00bb{}\u00a0\u00bb][\/et_pb_section][et_pb_section fb_built=\u00a0\u00bb1&Prime; specialty=\u00a0\u00bbon\u00a0\u00bb _builder_version=\u00a0\u00bb4.20.4&Prime; _module_preset=\u00a0\u00bbdefault\u00a0\u00bb global_colors_info=\u00a0\u00bb{}\u00a0\u00bb][et_pb_column type=\u00a0\u00bb3_4&Prime; specialty_columns=\u00a0\u00bb3&Prime; _builder_version=\u00a0\u00bb4.16&Prime; custom_padding=\u00a0\u00bb|||\u00a0\u00bb global_colors_info=\u00a0\u00bb{}\u00a0\u00bb custom_padding__hover=\u00a0\u00bb|||\u00a0\u00bb][et_pb_row_inner _builder_version=\u00a0\u00bb4.16&Prime; _module_preset=\u00a0\u00bbdefault\u00a0\u00bb global_colors_info=\u00a0\u00bb{}\u00a0\u00bb][et_pb_column_inner saved_specialty_column_type=\u00a0\u00bb3_4&Prime; _builder_version=\u00a0\u00bb4.16&Prime; _module_preset=\u00a0\u00bbdefault\u00a0\u00bb global_colors_info=\u00a0\u00bb{}\u00a0\u00bb][et_pb_text _builder_version=\u00a0\u00bb4.16&Prime; _module_preset=\u00a0\u00bbdefault\u00a0\u00bb global_colors_info=\u00a0\u00bb{}\u00a0\u00bb]<\/p>\n<h1><strong>Eaux \/ Epuration<br \/><\/strong><\/h1>\n<p>[\/et_pb_text][\/et_pb_column_inner][\/et_pb_row_inner][et_pb_row_inner _builder_version=\u00a0\u00bb4.16&Prime; _module_preset=\u00a0\u00bbdefault\u00a0\u00bb global_colors_info=\u00a0\u00bb{}\u00a0\u00bb][et_pb_column_inner saved_specialty_column_type=\u00a0\u00bb3_4&Prime; _builder_version=\u00a0\u00bb4.16&Prime; _module_preset=\u00a0\u00bbdefault\u00a0\u00bb global_colors_info=\u00a0\u00bb{}\u00a0\u00bb][et_pb_text _builder_version=\u00a0\u00bb4.27.5&Prime; _module_preset=\u00a0\u00bbdefault\u00a0\u00bb hover_enabled=\u00a0\u00bb0&Prime; global_colors_info=\u00a0\u00bb{}\u00a0\u00bb sticky_enabled=\u00a0\u00bb0&Prime;]<\/p>\n<p>De tous temps, les autorit\u00e9s de Chavannes-le-Veyron se sont souci\u00e9es de l&rsquo;approvisionnement en eau potable. D&rsquo;abord en trouvant les ressources n\u00e9cessaires \u00e0 assurer la survie des habitants et du b\u00e9tail; ensuite en am\u00e9liorant le r\u00e9seau.<\/p>\n<p>En effet, l&rsquo;eau potable est une denr\u00e9e indispensable \u00e0 la vie et m\u00e9rite une attention particuli\u00e8re. Notre approvisionnement en eau potable fait l\u2019objet d\u2019une collaboration intercommunale avec les communes de Cossonay, Cuarnens, Dizy, Gollion, La Chaux, Lussery-Villars et Senarclens sous la forme de <a href=\"https:\/\/vydemauraz.ch\/\" target=\"_blank\" rel=\"noopener\">l\u2019Association intercommunale de Vy de Mauraz<\/a>. Il est pour une bonne part assur\u00e9 par une source situ\u00e9e au lieu-dit Les Mousses sur la commune de l\u2019Isle dont nous sommes copropri\u00e9taires avec Cossonay et Senarclens.<\/p>\n<p>Vous pouvez consultez <strong>l&rsquo;\u00e9valuation de la qualit\u00e9 de l&rsquo;eau de notre commune en 2025<\/strong> en cliquant sur ce <a href=\"https:\/\/chavannes-le-veyron.ch\/wp-content\/uploads\/2026\/02\/Devoir-dinformation-population-Vy-de-Mauraz-2025.pdf\" target=\"_blank\" rel=\"noopener\"> lien<\/a>.<\/p>\n<p>Conform\u00e9ment \u00e0 notre r\u00e8glement sur la distribution de l&rsquo;eau, seul un concessionnaire est habilit\u00e9 \u00e0 intervenir sur le r\u00e9seau communal et sur le r\u00e9seau priv\u00e9, entre et y compris la vanne de prise d&rsquo;eau et le compteur.<br \/><strong>Concessionnaire du r\u00e9seau d\u2019eau communal :<\/strong><br \/>Entreprise JLR Chauffage, Jean-Luc Reymond<br \/>Mobile 079 207 84 32<\/p>\n<p><strong>La permanence du fontainier reste subsidiairement joignable au 021 861 01 06 ou au 079 747 28 19.<\/strong><\/p>\n<p>Pour les r\u00e9seaux priv\u00e9s et les circuits d\u2019eau int\u00e9rieurs, chacun s\u2019adresse \u00e0 l\u2019installateur de son choix. Les normes et prescriptions doivent toutefois \u00eatre respect\u00e9es.<\/p>\n<p><strong>Bornes hydrantes<\/strong><br \/>Le soutirage sur une borne hydrante (BH) est soumis \u00e0 autorisation de la commune. Le Municipal en charge du dicast\u00e8re est \u00e0 votre disposition pour vous renseigner. La demande d&rsquo;autorisation est \u00e0 d\u00e9poser aupr\u00e8s de l&rsquo;Administration communale. Ci-apr\u00e8s, vous trouverez la<\/p>\n<ul>\n<li><a href=\"https:\/\/chavannes-le-veyron.ch\/wp-content\/uploads\/2025\/08\/Formulaire-pour-prise-deau-sur-BH_Chavannes-.docx\" target=\"_blank\" rel=\"noopener\"> Demande d&rsquo;autorisation<\/a><\/li>\n<\/ul>\n<p>&nbsp;<\/p>\n<h5><strong>L&rsquo;eau, les bons gestes\u00a0:<\/strong><\/h5>\n<p>Dans les \u00e9viers, lavabos, baignoires et cuvettes de toilette, ne jetons (<a href=\"\/wp-content\/uploads\/2023\/04\/flyer_fr.jpg\" target=\"_blank\" rel=\"noopener\">FLYER<\/a>):<\/p>\n<ul>\n<li>ni d\u00e9chet solide (cotons-tiges, serviettes hygi\u00e9niques, pr\u00e9servatifs, langes, liti\u00e8re pour chat, sable pour oiseaux),<\/li>\n<li>ni huile de friture usag\u00e9e,<\/li>\n<li>ni de m\u00e9dicaments,<\/li>\n<li>ni de liquide toxique (dissolvants, restes de peinture, d\u00e9capants, bains photos, produits de traitement des plantes, etc).<\/li>\n<\/ul>\n<p>Pr\u00e8s des regards de la voie publique, souvent appel\u00e9s \u00e0 tort \u00ab\u00a0grilles d&rsquo;\u00e9gout\u00a0\u00bb, qui m\u00e8nent directement l&rsquo;eau \u00e0 la rivi\u00e8re, \u00e9vitons:<\/p>\n<ul>\n<li>de vidanger un moteur,<\/li>\n<li>de laver des voitures ou autres objets,<\/li>\n<li>de jeter des m\u00e9gots et autres petits d\u00e9chets,<\/li>\n<li>de r\u00e9pandre des substances nocives (produits de traitement, essence, d\u00e9tergents)<\/li>\n<\/ul>\n<p>L\u2019\u00e9puration de l\u2019eau fait l\u2019objet d\u2019une entente intercommunale avec la Chaux et Grancy et la station est situ\u00e9e \u00e0 La Chaux.<\/p>\n<p>Au printemps 2019, les eaux us\u00e9es du bassin versant de la Venoge devraient \u00eatre r\u00e9unies et trait\u00e9es en un lieu unique situ\u00e9 \u00e0 la Sarraz. Ce regroupement r\u00e9gional du traitement des us\u00e9es est le fruit d&rsquo;une collaboration entre les communes de La Sarraz, Ecl\u00e9pens, L\u2019Isle, Pompaples, Orny, Cuarnens, Mont-la-Ville, La Chaux, Chevilly, Ferreyres, Moiry, Dizy, La Praz, Chavannes-le-Veyron et Mauraz. Au 1er mars 2023, elles ont cr\u00e9\u00e9 <a href=\"https:\/\/ehvv.ch\/\" target=\"_blank\" rel=\"noopener\">l\u2019Association intercommunale pour l\u2019\u00e9puration des eaux us\u00e9es de la r\u00e9gion Haute Venoge Veyron (EHVV)<\/a>.<\/p>\n<p>[\/et_pb_text][\/et_pb_column_inner][\/et_pb_row_inner][\/et_pb_column][et_pb_column type=\u00a0\u00bb1_4&Prime; _builder_version=\u00a0\u00bb4.16&Prime; custom_padding=\u00a0\u00bb|||\u00a0\u00bb global_colors_info=\u00a0\u00bb{}\u00a0\u00bb custom_padding__hover=\u00a0\u00bb|||\u00a0\u00bb][et_pb_sidebar area=\u00a0\u00bbet_pb_widget_area_11&Prime; _builder_version=\u00a0\u00bb4.20.4&Prime; _module_preset=\u00a0\u00bbdefault\u00a0\u00bb custom_padding=\u00a0\u00bb12px|||8px|false|false\u00a0\u00bb sticky_position_tablet=\u00a0\u00bbnone\u00a0\u00bb sticky_position_phone=\u00a0\u00bb\u00a0\u00bb sticky_position_last_edited=\u00a0\u00bbon|desktop\u00a0\u00bb border_width_all=\u00a0\u00bb1px\u00a0\u00bb border_color_all=\u00a0\u00bb#0C71C3&Prime; global_colors_info=\u00a0\u00bb{}\u00a0\u00bb][\/et_pb_sidebar][et_pb_text _builder_version=\u00a0\u00bb4.16&Prime; _module_preset=\u00a0\u00bbdefault\u00a0\u00bb global_colors_info=\u00a0\u00bb{}\u00a0\u00bb]<\/p>\n<p>et son suppl\u00e9ant:<\/p>\n<p>[\/et_pb_text][et_pb_sidebar area=\u00a0\u00bbet_pb_widget_area_7&Prime; _builder_version=\u00a0\u00bb4.20.4&Prime; _module_preset=\u00a0\u00bbdefault\u00a0\u00bb custom_padding=\u00a0\u00bb12px|||8px|false|false\u00a0\u00bb sticky_position_tablet=\u00a0\u00bbnone\u00a0\u00bb sticky_position_phone=\u00a0\u00bb\u00a0\u00bb sticky_position_last_edited=\u00a0\u00bbon|desktop\u00a0\u00bb border_width_all=\u00a0\u00bb1px\u00a0\u00bb border_color_all=\u00a0\u00bb#0C71C3&Prime; global_colors_info=\u00a0\u00bb{}\u00a0\u00bb][\/et_pb_sidebar][\/et_pb_column][\/et_pb_section]<\/p>\n","protected":false},"excerpt":{"rendered":"<p>Eaux \/ EpurationDe tous temps, les autorit\u00e9s de Chavannes-le-Veyron se sont souci\u00e9es de l&rsquo;approvisionnement en eau potable. D&rsquo;abord en trouvant les ressources n\u00e9cessaires \u00e0 assurer la survie des habitants et [&hellip;]<\/p>\n","protected":false},"author":1,"featured_media":0,"parent":0,"menu_order":0,"comment_status":"closed","ping_status":"closed","template":"","meta":{"_et_pb_use_builder":"on","_et_pb_old_content":"","_et_gb_content_width":"","footnotes":""},"class_list":["post-379","page","type-page","status-publish","hentry"],"_links":{"self":[{"href":"https:\/\/chavannes-le-veyron.ch\/index.php\/wp-json\/wp\/v2\/pages\/379","targetHints":{"allow":["GET"]}}],"collection":[{"href":"https:\/\/chavannes-le-veyron.ch\/index.php\/wp-json\/wp\/v2\/pages"}],"about":[{"href":"https:\/\/chavannes-le-veyron.ch\/index.php\/wp-json\/wp\/v2\/types\/page"}],"author":[{"embeddable":true,"href":"https:\/\/chavannes-le-veyron.ch\/index.php\/wp-json\/wp\/v2\/users\/1"}],"replies":[{"embeddable":true,"href":"https:\/\/chavannes-le-veyron.ch\/index.php\/wp-json\/wp\/v2\/comments?post=379"}],"version-history":[{"count":51,"href":"https:\/\/chavannes-le-veyron.ch\/index.php\/wp-json\/wp\/v2\/pages\/379\/revisions"}],"predecessor-version":[{"id":3068,"href":"https:\/\/chavannes-le-veyron.ch\/index.php\/wp-json\/wp\/v2\/pages\/379\/revisions\/3068"}],"wp:attachment":[{"href":"https:\/\/chavannes-le-veyron.ch\/index.php\/wp-json\/wp\/v2\/media?parent=379"}],"curies":[{"name":"wp","href":"https:\/\/api.w.org\/{rel}","templated":true}]}}