{"id":389,"date":"2021-06-01T20:02:54","date_gmt":"2021-06-01T18:02:54","guid":{"rendered":"http:\/\/192.168.2.112\/?page_id=389"},"modified":"2023-04-22T15:28:32","modified_gmt":"2023-04-22T13:28:32","slug":"389-2","status":"publish","type":"page","link":"https:\/\/chavannes-le-veyron.ch\/index.php\/389-2\/","title":{"rendered":"Defense incendie"},"content":{"rendered":"<p>[et_pb_section fb_built=\u00a0\u00bb1&Prime; theme_builder_area=\u00a0\u00bbpost_content\u00a0\u00bb _builder_version=\u00a0\u00bb4.20.4&Prime; _module_preset=\u00a0\u00bbdefault\u00a0\u00bb title_text=\u00a0\u00bbServices-communaux-Defense\u00a0\u00bb background_image=\u00a0\u00bbhttps:\/\/chavannes-le-veyron.ch\/wp-content\/uploads\/2023\/04\/Services-communaux-Defense.jpg\u00a0\u00bb hover_enabled=\u00a0\u00bb0&Prime; sticky_enabled=\u00a0\u00bb0&Prime; min_height=\u00a0\u00bb345px\u00a0\u00bb][\/et_pb_section][et_pb_section fb_built=\u00a0\u00bb1&Prime; specialty=\u00a0\u00bbon\u00a0\u00bb _builder_version=\u00a0\u00bb4.16&Prime; _module_preset=\u00a0\u00bbdefault\u00a0\u00bb global_colors_info=\u00a0\u00bb{}\u00a0\u00bb][et_pb_column type=\u00a0\u00bb3_4&Prime; specialty_columns=\u00a0\u00bb3&Prime; _builder_version=\u00a0\u00bb4.16&Prime; custom_padding=\u00a0\u00bb|||\u00a0\u00bb global_colors_info=\u00a0\u00bb{}\u00a0\u00bb custom_padding__hover=\u00a0\u00bb|||\u00a0\u00bb][et_pb_row_inner _builder_version=\u00a0\u00bb4.16&Prime; _module_preset=\u00a0\u00bbdefault\u00a0\u00bb global_colors_info=\u00a0\u00bb{}\u00a0\u00bb][et_pb_column_inner saved_specialty_column_type=\u00a0\u00bb3_4&Prime; _builder_version=\u00a0\u00bb4.16&Prime; _module_preset=\u00a0\u00bbdefault\u00a0\u00bb global_colors_info=\u00a0\u00bb{}\u00a0\u00bb][et_pb_text _builder_version=\u00a0\u00bb4.16&Prime; _module_preset=\u00a0\u00bbdefault\u00a0\u00bb global_colors_info=\u00a0\u00bb{}\u00a0\u00bb]<\/p>\n<h1><strong>D\u00e9fense incendie<br \/><\/strong><\/h1>\n<p>[\/et_pb_text][\/et_pb_column_inner][\/et_pb_row_inner][et_pb_row_inner _builder_version=\u00a0\u00bb4.16&Prime; _module_preset=\u00a0\u00bbdefault\u00a0\u00bb global_colors_info=\u00a0\u00bb{}\u00a0\u00bb][et_pb_column_inner saved_specialty_column_type=\u00a0\u00bb3_4&Prime; _builder_version=\u00a0\u00bb4.16&Prime; _module_preset=\u00a0\u00bbdefault\u00a0\u00bb global_colors_info=\u00a0\u00bb{}\u00a0\u00bb][et_pb_text _builder_version=\u00a0\u00bb4.19.5&Prime; _module_preset=\u00a0\u00bbdefault\u00a0\u00bb global_colors_info=\u00a0\u00bb{}\u00a0\u00bb]<\/p>\n<p>L&rsquo;ECA Vaud exerce la surveillance g\u00e9n\u00e9rale du service de ramonage. Seul le ma\u00eetre ramoneur concessionnaire est autoris\u00e9 \u00e0 effectuer les travaux de ramonage obligatoires sur le territoire ou la portion de territoire qui lui a \u00e9t\u00e9 assign\u00e9e. Il dispense \u00e9galement volontiers des conseils pr\u00e9ventifs.<\/p>\n<p>Notre arrondissement se trouve attribu\u00e9 au ramoneur :<br \/>\nPatrice ROBERT-GRANDPIERRE<br \/>\nEntreprise officielle de ramonage<br \/>\nT\u00e9l. 021 866 12 90<br \/>\ninfo@rgramonage.ch<\/p>\n<p>Pour votre s\u00e9curit\u00e9 et celle des autres, pr\u00e9venez les dangers d&rsquo;incendie et d&rsquo;asphyxie et ramonez les conduits de fum\u00e9e rattach\u00e9s de mani\u00e8re durable \u00e0 des installations productrices de chaleur, par l&rsquo;enl\u00e8vement r\u00e9gulier des suies et des combustibles imbr\u00fbl\u00e9s. Les d\u00e9chets n&rsquo;ont pas leur place dans un po\u00eale ou une chemin\u00e9e et encrasseront votre conduit de fum\u00e9es. La fr\u00e9quence entre deux nettoyages d\u00e9pend du genre de combustible utilis\u00e9, du degr\u00e9 d&rsquo;utilisation et de la technique actuelle.<\/p>\n<p>Lorsque le conduit de fum\u00e9es est froid, songez \u00e0 placer du papier journal au sommet du bois pour cr\u00e9er une source de chaleur sans fum\u00e9es, d\u00e9bloquer le \u201cbouchon d\u2019air froid\u201d et tr\u00e8s vite g\u00e9n\u00e9rer du tirage sans enfumer toute la pi\u00e8ce.<\/p>\n<p>Davantage de recommandations et d&rsquo;informations sur le site du <a href=\"https:\/\/www.bfb-cipi.ch\/fr\/conseils\" target=\"_blank\" rel=\"noopener\">CIPI<\/a> (Centre d&rsquo;information pour la pr\u00e9vention des incendies).<\/p>\n<p>Lorsqu&rsquo;un probl\u00e8me survient, il n&rsquo;y a plus d&rsquo;autre choix que de faire appel au <a href=\"https:\/\/www.sdis-venoge.com\/\" target=\"_blank\" rel=\"noopener\">SDIS<\/a> (Service D\u00e9fense Incendie et Secours R\u00e9gion Venoge), n\u00e9 le 1er janvier 2012, qui d\u00e9fend \u00e0 ce jour 27 communes. Soit 26&rsquo;000 habitants au total. Ces localit\u00e9s font toutes partie de l&rsquo;ancien district de Cossonay et repr\u00e9sentent une surface de 15&rsquo;200 hectares.<\/p>\n<p>Le secteur d&rsquo;intervention actuel est \u00e0 cheval sur les districts de Morges et du Gros-de-Vaud. 350 sapeurs-pompiers, femmes et hommes, forment le SDIS.<\/p>\n<p>[\/et_pb_text][\/et_pb_column_inner][\/et_pb_row_inner][\/et_pb_column][et_pb_column type=\u00a0\u00bb1_4&Prime; _builder_version=\u00a0\u00bb4.16&Prime; custom_padding=\u00a0\u00bb|||\u00a0\u00bb global_colors_info=\u00a0\u00bb{}\u00a0\u00bb custom_padding__hover=\u00a0\u00bb|||\u00a0\u00bb][et_pb_sidebar area=\u00a0\u00bbet_pb_widget_area_10&Prime; _builder_version=\u00a0\u00bb4.16&Prime; _module_preset=\u00a0\u00bbdefault\u00a0\u00bb custom_padding=\u00a0\u00bb12px|||8px|false|false\u00a0\u00bb sticky_position=\u00a0\u00bbtop_bottom\u00a0\u00bb sticky_position_tablet=\u00a0\u00bbnone\u00a0\u00bb sticky_position_phone=\u00a0\u00bb\u00a0\u00bb sticky_position_last_edited=\u00a0\u00bbon|tablet\u00a0\u00bb border_width_all=\u00a0\u00bb1px\u00a0\u00bb border_color_all=\u00a0\u00bb#0C71C3&Prime; global_colors_info=\u00a0\u00bb{}\u00a0\u00bb][\/et_pb_sidebar][\/et_pb_column][\/et_pb_section]<\/p>\n","protected":false},"excerpt":{"rendered":"<p>D\u00e9fense incendieL&rsquo;ECA Vaud exerce la surveillance g\u00e9n\u00e9rale du service de ramonage. Seul le ma\u00eetre ramoneur concessionnaire est autoris\u00e9 \u00e0 effectuer les travaux de ramonage obligatoires sur le territoire ou la [&hellip;]<\/p>\n","protected":false},"author":1,"featured_media":0,"parent":0,"menu_order":0,"comment_status":"closed","ping_status":"closed","template":"","meta":{"_et_pb_use_builder":"on","_et_pb_old_content":"","_et_gb_content_width":"","footnotes":""},"class_list":["post-389","page","type-page","status-publish","hentry"],"_links":{"self":[{"href":"https:\/\/chavannes-le-veyron.ch\/index.php\/wp-json\/wp\/v2\/pages\/389","targetHints":{"allow":["GET"]}}],"collection":[{"href":"https:\/\/chavannes-le-veyron.ch\/index.php\/wp-json\/wp\/v2\/pages"}],"about":[{"href":"https:\/\/chavannes-le-veyron.ch\/index.php\/wp-json\/wp\/v2\/types\/page"}],"author":[{"embeddable":true,"href":"https:\/\/chavannes-le-veyron.ch\/index.php\/wp-json\/wp\/v2\/users\/1"}],"replies":[{"embeddable":true,"href":"https:\/\/chavannes-le-veyron.ch\/index.php\/wp-json\/wp\/v2\/comments?post=389"}],"version-history":[{"count":18,"href":"https:\/\/chavannes-le-veyron.ch\/index.php\/wp-json\/wp\/v2\/pages\/389\/revisions"}],"predecessor-version":[{"id":1896,"href":"https:\/\/chavannes-le-veyron.ch\/index.php\/wp-json\/wp\/v2\/pages\/389\/revisions\/1896"}],"wp:attachment":[{"href":"https:\/\/chavannes-le-veyron.ch\/index.php\/wp-json\/wp\/v2\/media?parent=389"}],"curies":[{"name":"wp","href":"https:\/\/api.w.org\/{rel}","templated":true}]}}