{"id":573,"date":"2021-06-10T20:11:34","date_gmt":"2021-06-10T18:11:34","guid":{"rendered":"http:\/\/testchavannes.ch\/?page_id=573"},"modified":"2025-05-21T18:12:21","modified_gmt":"2025-05-21T16:12:21","slug":"573-2","status":"publish","type":"page","link":"https:\/\/chavannes-le-veyron.ch\/index.php\/573-2\/","title":{"rendered":"Jeunesse et Sports"},"content":{"rendered":"<p>[et_pb_section fb_built=\u00a0\u00bb1&Prime; specialty=\u00a0\u00bbon\u00a0\u00bb _builder_version=\u00a0\u00bb4.16&Prime; _module_preset=\u00a0\u00bbdefault\u00a0\u00bb global_colors_info=\u00a0\u00bb{}\u00a0\u00bb][et_pb_column type=\u00a0\u00bb3_4&Prime; specialty_columns=\u00a0\u00bb3&Prime; _builder_version=\u00a0\u00bb4.16&Prime; custom_padding=\u00a0\u00bb|||\u00a0\u00bb global_colors_info=\u00a0\u00bb{}\u00a0\u00bb custom_padding__hover=\u00a0\u00bb|||\u00a0\u00bb][et_pb_row_inner _builder_version=\u00a0\u00bb4.16&Prime; _module_preset=\u00a0\u00bbdefault\u00a0\u00bb global_colors_info=\u00a0\u00bb{}\u00a0\u00bb][et_pb_column_inner saved_specialty_column_type=\u00a0\u00bb3_4&Prime; _builder_version=\u00a0\u00bb4.16&Prime; _module_preset=\u00a0\u00bbdefault\u00a0\u00bb global_colors_info=\u00a0\u00bb{}\u00a0\u00bb][et_pb_text _builder_version=\u00a0\u00bb4.20.4&Prime; _module_preset=\u00a0\u00bbdefault\u00a0\u00bb global_colors_info=\u00a0\u00bb{}\u00a0\u00bb]<\/p>\n<h1><strong>Jeunesse et Sport<\/strong><\/h1>\n<p>[\/et_pb_text][\/et_pb_column_inner][\/et_pb_row_inner][et_pb_row_inner _builder_version=\u00a0\u00bb4.16&Prime; _module_preset=\u00a0\u00bbdefault\u00a0\u00bb global_colors_info=\u00a0\u00bb{}\u00a0\u00bb][et_pb_column_inner saved_specialty_column_type=\u00a0\u00bb3_4&Prime; _builder_version=\u00a0\u00bb4.16&Prime; _module_preset=\u00a0\u00bbdefault\u00a0\u00bb global_colors_info=\u00a0\u00bb{}\u00a0\u00bb][et_pb_text _builder_version=\u00a0\u00bb4.16&Prime; _module_preset=\u00a0\u00bbdefault\u00a0\u00bb global_colors_info=\u00a0\u00bb{}\u00a0\u00bb]<\/p>\n<div class=\"wp-block-media-text alignwide is-stacked-on-mobile\" style=\"grid-template-columns: 23% auto;\">\n<figure class=\"wp-block-media-text__media\"><img loading=\"lazy\" decoding=\"async\" src=\"https:\/\/chavannes-le-veyron.ch\/wp-content\/uploads\/2021\/12\/logo_labbaye.jpeg\" alt=\"\" class=\"wp-image-912 alignnone size-full\" width=\"130\" height=\"118\" \/><\/figure>\n<div class=\"wp-block-media-text__content\">\n<p><strong>T\u00e9l\u00e9ski du Lac de Joux L\u2019Abbaye<\/strong><\/p>\n<p>La Commune met \u00e0 disposition des habitants DEUX cartes journali\u00e8res qui sont \u00e0 retirer aupr\u00e8s de <strong>Marc Vial<\/strong>, Route du Mont de May 1 (079 797 73 04).<strong> Celles-ci seront restitu\u00e9es le lendemain sans faute \u00e0 l\u2019adresse du susmentionn\u00e9.<\/strong> Nous esp\u00e9rons que vous allez profiter de cette opportunit\u00e9 pour d\u00e9valer les pistes de notre r\u00e9gion.<\/p>\n<p>&nbsp;<\/p>\n<\/div>\n<\/div>\n<p>[\/et_pb_text][et_pb_text _builder_version=\u00a0\u00bb4.27.4&Prime; _module_preset=\u00a0\u00bbdefault\u00a0\u00bb global_colors_info=\u00a0\u00bb{}\u00a0\u00bb]<\/p>\n<div class=\"wp-block-media-text alignwide is-stacked-on-mobile\" style=\"grid-template-columns: 23% auto;\">\n<figure class=\"wp-block-media-text__media\"><\/figure>\n<figure class=\"wp-block-media-text__media\"><img decoding=\"async\" src=\"https:\/\/chavannes-le-veyron.ch\/wp-content\/uploads\/2021\/12\/logo_entree_aspicoss_2.png\" alt=\"\" class=\"wp-image-912 alignnone size-full\" \/><\/figure>\n<div class=\"wp-block-media-text__content\">\n<p><strong>Piscine des Chavannes \u00e0 Cossonay<\/strong><\/p>\n<p>La Commune met \u00e0 disposition des habitants UN abonnement \u00e0 retirer aupr\u00e8s de <strong>J\u00e9r\u00f4me Girardin<\/strong>, Rue des Fontaines 6 (079 567 66 01).<strong> Celui-ci sera restitu\u00e9 le lendemain sans faute \u00e0 l\u2019adresse du susmentionn\u00e9.<\/strong><\/p>\n<p>Ci-apr\u00e8s, les horaires ainsi que les nombreuses activit\u00e9s propos\u00e9es par la <a href=\"http:\/\/aspicoss.ch\" target=\"_blank\" rel=\"noopener\">piscine couverte des Chavannes<\/a>; \u00e0 rappeler qu&rsquo;aux habitants de notre village s&rsquo;appliquent les tarifs indig\u00e8nes pour tout abonnement. Si vous le pouvez, pour que votre plaisir de nager soit augment\u00e9, adaptez votre visite au <a href=\"\/wp-content\/uploads\/2024\/12\/ASPIC_POB-Presentation-169.pdf\" target=\"_blank\" rel=\"noopener\">plan d&rsquo;occupation des bassins<\/a>.<\/p>\n<p>La saison 25-26 de l&rsquo;\u00e9cole de natation est lanc\u00e9e; ci-apr\u00e8s, <a href=\"https:\/\/aspicoss.ch\/ecole-de-natation\" target=\"_blank\" rel=\"noopener\">le d\u00e9tail<\/a>.<\/p>\n<p>&nbsp;<\/p>\n<\/div>\n<\/div>\n<p>[\/et_pb_text][et_pb_text _builder_version=\u00a0\u00bb4.27.4&Prime; _module_preset=\u00a0\u00bbdefault\u00a0\u00bb global_colors_info=\u00a0\u00bb{}\u00a0\u00bb]<\/p>\n<div class=\"wp-block-media-text alignwide is-stacked-on-mobile\" style=\"grid-template-columns: 23% auto;\">\n<figure class=\"wp-block-media-text__media\"><\/figure>\n<figure class=\"wp-block-media-text__media\"><img decoding=\"async\" src=\"https:\/\/chavannes-le-veyron.ch\/wp-content\/uploads\/2022\/05\/MAP_pf_aipcv_logo.jpeg\" alt=\"\" class=\"wp-image-912 alignnone size-full\" \/><\/figure>\n<div class=\"wp-block-media-text__content\">\n<p><strong>Piscine de la Venoge \u00e0 La Sarraz<\/strong><\/p>\n<p>Nous disposons d&rsquo;UN abonnement saisonnier qui se trouve en d\u00e9p\u00f4t \u00e0 la caisse de la piscine. <strong>En annon\u00e7ant son entr\u00e9e ET son d\u00e9part \u00e0 la caisse<\/strong>, la personne permet \u00e0 d&rsquo;autres de b\u00e9n\u00e9ficier d&rsquo;une entr\u00e9e gratuite au cours de la m\u00eame journ\u00e9e, par exemple une le matin et une l&rsquo;apr\u00e8s-midi. Pour faciliter votre compr\u00e9hension, un exemple de la <a href=\"\/wp-content\/uploads\/2023\/05\/Abo_AIPCV_detail-mensuel.pdf\" target=\"_blank\" rel=\"noopener\">feuille de pr\u00e9sence<\/a>.<\/p>\n<p>Ci-apr\u00e8s, les horaires ainsi que les nombreuses activit\u00e9s propos\u00e9es par la <a href=\"https:\/\/www.piscinedelavenoge.ch\/piscine\/\" target=\"_blank\" rel=\"noopener\">piscine de la Venoge<\/a>; \u00e0 rappeler qu&rsquo;aux habitants de notre village s&rsquo;appliquent les tarifs indig\u00e8nes pour toute entr\u00e9e.<\/p>\n<\/div>\n<\/div>\n<p>[\/et_pb_text][\/et_pb_column_inner][\/et_pb_row_inner][\/et_pb_column][et_pb_column type=\u00a0\u00bb1_4&Prime; _builder_version=\u00a0\u00bb4.16&Prime; custom_padding=\u00a0\u00bb|||\u00a0\u00bb global_colors_info=\u00a0\u00bb{}\u00a0\u00bb custom_padding__hover=\u00a0\u00bb|||\u00a0\u00bb][et_pb_sidebar area=\u00a0\u00bbet_pb_widget_area_12&Prime; _builder_version=\u00a0\u00bb4.16&Prime; _module_preset=\u00a0\u00bbdefault\u00a0\u00bb custom_padding=\u00a0\u00bb12px|||8px|false|false\u00a0\u00bb sticky_position=\u00a0\u00bbtop_bottom\u00a0\u00bb sticky_position_tablet=\u00a0\u00bbnone\u00a0\u00bb sticky_position_phone=\u00a0\u00bb\u00a0\u00bb sticky_position_last_edited=\u00a0\u00bbon|tablet\u00a0\u00bb border_width_all=\u00a0\u00bb1px\u00a0\u00bb border_color_all=\u00a0\u00bb#0C71C3&Prime; global_colors_info=\u00a0\u00bb{}\u00a0\u00bb][\/et_pb_sidebar][\/et_pb_column][\/et_pb_section]<\/p>\n","protected":false},"excerpt":{"rendered":"<p>Jeunesse et Sport T\u00e9l\u00e9ski du Lac de Joux L\u2019Abbaye La Commune met \u00e0 disposition des habitants DEUX cartes journali\u00e8res qui sont \u00e0 retirer aupr\u00e8s de Marc Vial, Route du Mont [&hellip;]<\/p>\n","protected":false},"author":1,"featured_media":0,"parent":0,"menu_order":0,"comment_status":"closed","ping_status":"closed","template":"","meta":{"_et_pb_use_builder":"on","_et_pb_old_content":"","_et_gb_content_width":"","footnotes":""},"class_list":["post-573","page","type-page","status-publish","hentry"],"_links":{"self":[{"href":"https:\/\/chavannes-le-veyron.ch\/index.php\/wp-json\/wp\/v2\/pages\/573","targetHints":{"allow":["GET"]}}],"collection":[{"href":"https:\/\/chavannes-le-veyron.ch\/index.php\/wp-json\/wp\/v2\/pages"}],"about":[{"href":"https:\/\/chavannes-le-veyron.ch\/index.php\/wp-json\/wp\/v2\/types\/page"}],"author":[{"embeddable":true,"href":"https:\/\/chavannes-le-veyron.ch\/index.php\/wp-json\/wp\/v2\/users\/1"}],"replies":[{"embeddable":true,"href":"https:\/\/chavannes-le-veyron.ch\/index.php\/wp-json\/wp\/v2\/comments?post=573"}],"version-history":[{"count":30,"href":"https:\/\/chavannes-le-veyron.ch\/index.php\/wp-json\/wp\/v2\/pages\/573\/revisions"}],"predecessor-version":[{"id":2775,"href":"https:\/\/chavannes-le-veyron.ch\/index.php\/wp-json\/wp\/v2\/pages\/573\/revisions\/2775"}],"wp:attachment":[{"href":"https:\/\/chavannes-le-veyron.ch\/index.php\/wp-json\/wp\/v2\/media?parent=573"}],"curies":[{"name":"wp","href":"https:\/\/api.w.org\/{rel}","templated":true}]}}