{"id":750,"date":"2021-06-30T20:46:02","date_gmt":"2021-06-30T18:46:02","guid":{"rendered":"http:\/\/testchavannes.ch\/?page_id=750"},"modified":"2024-05-05T10:15:38","modified_gmt":"2024-05-05T08:15:38","slug":"750-2","status":"publish","type":"page","link":"https:\/\/chavannes-le-veyron.ch\/index.php\/750-2\/","title":{"rendered":"Mentions legales"},"content":{"rendered":"<p>[et_pb_section fb_built=\u00a0\u00bb1&Prime; _builder_version=\u00a0\u00bb4.16&Prime; _module_preset=\u00a0\u00bbdefault\u00a0\u00bb global_colors_info=\u00a0\u00bb{}\u00a0\u00bb][et_pb_row _builder_version=\u00a0\u00bb4.16&Prime; _module_preset=\u00a0\u00bbdefault\u00a0\u00bb global_colors_info=\u00a0\u00bb{}\u00a0\u00bb][et_pb_column type=\u00a0\u00bb4_4&Prime; _builder_version=\u00a0\u00bb4.16&Prime; _module_preset=\u00a0\u00bbdefault\u00a0\u00bb global_colors_info=\u00a0\u00bb{}\u00a0\u00bb][et_pb_text _builder_version=\u00a0\u00bb4.25.0&Prime; _module_preset=\u00a0\u00bbdefault\u00a0\u00bb hover_enabled=\u00a0\u00bb0&Prime; global_colors_info=\u00a0\u00bb{}\u00a0\u00bb sticky_enabled=\u00a0\u00bb0&Prime;]<\/p>\n<div class=\"wp-block-media-text alignwide is-stacked-on-mobile\" style=\"grid-template-columns: 23% auto;\">\n<figure class=\"wp-block-media-text__media\"><\/figure>\n<figure class=\"wp-block-media-text__media\"><img decoding=\"async\" src=\"https:\/\/chavannes-le-veyron.ch\/wp-content\/uploads\/2022\/02\/image_2022-02-20_090617.png\" alt=\"\" class=\"wp-image-912 alignnone size-full\" \/><\/figure>\n<div class=\"wp-block-media-text__content\">\n<h1><strong>Mentions l\u00e9gales<\/strong><\/h1>\n<p>La commune de Chavannes-le-Veyron entretient son site internet en accordant une importance toute particuli\u00e8re \u00e0 la qualit\u00e9, l&rsquo;int\u00e9gralit\u00e9 et la s\u00e9curit\u00e9 des informations y figurant. De plus, elle prend les mesures raisonnablement possibles pour assurer le bon fonctionnement de son site internet. N\u00e9anmoins, elle ne peut garantir l&rsquo;exactitude, la fiabilit\u00e9 et l&rsquo;int\u00e9gralit\u00e9 des informations, images, documents, logiciels et autres donn\u00e9es y figurant. <\/p>\n<p>Il contient notamment des liens (hypertextes, renvois) vers des sites internet de tiers. Les utilisateurs assument pleinement les \u00e9ventuels risques suite \u00e0 l\u2019acc\u00e8s \u00e0 ces sites et \u00e0 leur utilisation. Nous n\u2019avons aucune influence sur la forme, le contenu et les offres des sites auxquels ils renvoient. Les informations et services offerts par ces sites restent de la responsabilit\u00e9 exclusive de leurs auteurs.<\/p>\n<p>En outre, des d\u00e9faillances du syst\u00e8me telles que des interruptions, des attaques par des virus ou des pertes de donn\u00e9es ne peuvent pas \u00eatre exclues.<\/p>\n<p>Sous r\u00e9serve d&rsquo;autres dispositions l\u00e9gales, ce site internet et son utilisation, ainsi que les services li\u00e9s \u00e0 ce site, sont r\u00e9gis exclusivement par le droit suisse. Le for juridique pour tous les litiges dans le cadre de l\u2019utilisation de ce site internet est le tribunal comp\u00e9tant de la Commune de Chavannes-le-Veyron.\n<\/p><\/div>\n<\/div>\n<p>[\/et_pb_text][\/et_pb_column][\/et_pb_row][\/et_pb_section]<\/p>\n","protected":false},"excerpt":{"rendered":"<p>Mentions l\u00e9gales La commune de Chavannes-le-Veyron entretient son site internet en accordant une importance toute particuli\u00e8re \u00e0 la qualit\u00e9, l&rsquo;int\u00e9gralit\u00e9 et la s\u00e9curit\u00e9 des informations y figurant. De plus, elle [&hellip;]<\/p>\n","protected":false},"author":1,"featured_media":0,"parent":0,"menu_order":0,"comment_status":"closed","ping_status":"closed","template":"","meta":{"_et_pb_use_builder":"on","_et_pb_old_content":"","_et_gb_content_width":"","footnotes":""},"class_list":["post-750","page","type-page","status-publish","hentry"],"_links":{"self":[{"href":"https:\/\/chavannes-le-veyron.ch\/index.php\/wp-json\/wp\/v2\/pages\/750","targetHints":{"allow":["GET"]}}],"collection":[{"href":"https:\/\/chavannes-le-veyron.ch\/index.php\/wp-json\/wp\/v2\/pages"}],"about":[{"href":"https:\/\/chavannes-le-veyron.ch\/index.php\/wp-json\/wp\/v2\/types\/page"}],"author":[{"embeddable":true,"href":"https:\/\/chavannes-le-veyron.ch\/index.php\/wp-json\/wp\/v2\/users\/1"}],"replies":[{"embeddable":true,"href":"https:\/\/chavannes-le-veyron.ch\/index.php\/wp-json\/wp\/v2\/comments?post=750"}],"version-history":[{"count":6,"href":"https:\/\/chavannes-le-veyron.ch\/index.php\/wp-json\/wp\/v2\/pages\/750\/revisions"}],"predecessor-version":[{"id":2390,"href":"https:\/\/chavannes-le-veyron.ch\/index.php\/wp-json\/wp\/v2\/pages\/750\/revisions\/2390"}],"wp:attachment":[{"href":"https:\/\/chavannes-le-veyron.ch\/index.php\/wp-json\/wp\/v2\/media?parent=750"}],"curies":[{"name":"wp","href":"https:\/\/api.w.org\/{rel}","templated":true}]}}