{"id":91,"date":"2021-05-15T15:34:02","date_gmt":"2021-05-15T13:34:02","guid":{"rendered":"http:\/\/chavannes-le-veyron.ch\/?page_id=91"},"modified":"2024-12-23T20:59:35","modified_gmt":"2024-12-23T19:59:35","slug":"91-2","status":"publish","type":"page","link":"https:\/\/chavannes-le-veyron.ch\/index.php\/91-2\/","title":{"rendered":"Articles de Presse"},"content":{"rendered":"<p>[et_pb_section fb_built=\u00a0\u00bb1&Prime; _builder_version=\u00a0\u00bb4.20.4&Prime; _module_preset=\u00a0\u00bbdefault\u00a0\u00bb background_image=\u00a0\u00bbhttps:\/\/chavannes-le-veyron.ch\/wp-content\/uploads\/2023\/04\/Notre-village-DJI_0120-scaled.jpg\u00a0\u00bb background_position=\u00a0\u00bbbottom_left\u00a0\u00bb background_vertical_offset=\u00a0\u00bb66%\u00a0\u00bb height=\u00a0\u00bb345px\u00a0\u00bb global_colors_info=\u00a0\u00bb{}\u00a0\u00bb][\/et_pb_section][et_pb_section fb_built=\u00a0\u00bb1&Prime; _builder_version=\u00a0\u00bb4.16&Prime; _module_preset=\u00a0\u00bbdefault\u00a0\u00bb global_colors_info=\u00a0\u00bb{}\u00a0\u00bb][et_pb_row _builder_version=\u00a0\u00bb4.16&Prime; _module_preset=\u00a0\u00bbdefault\u00a0\u00bb global_colors_info=\u00a0\u00bb{}\u00a0\u00bb][et_pb_column type=\u00a0\u00bb4_4&Prime; _builder_version=\u00a0\u00bb4.16&Prime; _module_preset=\u00a0\u00bbdefault\u00a0\u00bb global_colors_info=\u00a0\u00bb{}\u00a0\u00bb][et_pb_text _builder_version=\u00a0\u00bb4.27.4&Prime; _module_preset=\u00a0\u00bbdefault\u00a0\u00bb hover_enabled=\u00a0\u00bb0&Prime; global_colors_info=\u00a0\u00bb{}\u00a0\u00bb sticky_enabled=\u00a0\u00bb0&Prime;]<\/p>\n<header class=\"entry-header\">\n<h1 class=\"entry-title\"><strong>Articles de presse<\/strong><strong><\/strong><\/h1>\n<p><strong><img loading=\"lazy\" decoding=\"async\" src=\"https:\/\/chavannes-le-veyron.ch\/wp-content\/uploads\/2021\/07\/journal_cossonay_logo-300x105.jpg\" alt=\"\" class=\"wp-image-876 alignnone size-medium\" style=\"display: block; margin-left: auto; margin-right: auto;\" width=\"300\" height=\"105\" srcset=\"https:\/\/chavannes-le-veyron.ch\/wp-content\/uploads\/2021\/07\/journal_cossonay_logo-300x105.jpg 300w, https:\/\/chavannes-le-veyron.ch\/wp-content\/uploads\/2021\/07\/journal_cossonay_logo.jpg 384w\" sizes=\"(max-width: 300px) 100vw, 300px\" \/><\/strong><\/p>\n<\/header>\n<div class=\"entry-content\">\n<h2>Articles du Journal de Cossonay<\/h2>\n<ul>\n<li><a title=\"Journ\u00e9e du martelage\" href=\"\/wp-content\/uploads\/2021\/07\/martelage_chava.pdf\" target=\"_blank\" rel=\"noopener\">Joun\u00e9e du Martelage 27 novembre 2007<\/a><\/li>\n<li><a title=\"ASISEVV Premi\u00e8re cantonale\" href=\"\/wp-content\/uploads\/2021\/07\/premiere_cantonale_pour_asisevv.pdf\" target=\"_blank\" rel=\"noopener\">Premi\u00e8re cantonale pour l\u2019ASISEVV<\/a><\/li>\n<li><a title=\"Coup de balai 2008\" href=\"\/wp-content\/uploads\/2021\/07\/coup_balai_2008.pdf\" target=\"_blank\" rel=\"noopener\">Op\u00e9ration coup de balai 2008<\/a><\/li>\n<li><a title=\"2008 Nouveau Municipal \u00e9lu\" href=\"\/wp-content\/uploads\/2021\/07\/elec_compl.pdf\" target=\"_blank\" rel=\"noopener\">Nouveau municipal \u00e9lu<\/a><\/li>\n<li><a title=\"Nouveau Syndic \u00e9lu\" href=\"\/wp-content\/uploads\/2021\/07\/elec_compl_juin_08.pdf\" target=\"_blank\" rel=\"noopener\">Nouveau Syndic \u00e9lu<\/a><\/li>\n<li><a title=\"Coup de balai 2009\" href=\"\/wp-content\/uploads\/2021\/07\/coup_balai_2009.pdf\" target=\"_blank\" rel=\"noopener\">Op\u00e9ration coup de balai 2009<\/a><\/li>\n<li><a title=\"Inauguration nom des rues\" href=\"\/wp-content\/uploads\/2021\/07\/inaug_journal_cossonay.pdf\" target=\"_blank\" rel=\"noopener\">Inauguration nom des rues<\/a><\/li>\n<li><a title=\"10 \u00e8me souper des Nanas\" href=\"\/wp-content\/uploads\/2021\/07\/presses\/souper_des_nanas.pdf\" target=\"_blank\" rel=\"noopener\">Le 10 \u00e8me souper de Nanas<\/a><\/li>\n<li><a title=\"Au Ch\u00e2teau de L'Isle, j'\u00e9tais Cendrillon\" href=\"\/wp-content\/uploads\/2021\/07\/therese_breton.pdf\" target=\"_blank\" rel=\"noopener\">Rencontre avec Th\u00e9r\u00e8se Breton<\/a><\/li>\n<li><a title=\"Election de Robert Magnenat\" href=\"\/wp-content\/uploads\/2021\/07\/Robert_elect_comp_mars_2014.pdf\" target=\"_blank\" rel=\"noopener\">Election de Robert Magnenat<\/a><\/li>\n<li><a title=\"Inauguration de la d\u00e9chetterie\" href=\"\/wp-content\/uploads\/2021\/07\/inauguration_dechetterie.pdf\" target=\"_blank\" rel=\"noopener\">Inauguration de la d\u00e9chetterie<\/a><\/li>\n<li><a title=\"Carpe Diem ou profite bien de ta journ\u00e9e.\" href=\"\/wp-content\/uploads\/2021\/07\/Ph_Caillat_2015.pdf\" target=\"_blank\" rel=\"noopener\">Philippe Caillat \u00ab\u00a0Carpe Diem\u00a0\u00bb ou profite bien de ta journ\u00e9e.<\/a><\/li>\n<li><a href=\"\/wp-content\/uploads\/2021\/07\/jb_caillat_raisinee_2015.pdf\" target=\"_blank\" rel=\"noopener\">On fond toutes et tous pour la raisin\u00e9e<\/a><\/li>\n<li><a href=\"https:\/\/chavannes-le-veyron.ch\/wp-content\/uploads\/2024\/01\/cossonay_20231208_page6-veyron.pdf\" target=\"_blank\" rel=\"noopener\">Un exc\u00e9dent, des frelons et du monde au refuge (8.12.2023)<\/a><\/li>\n<\/ul>\n<h2><\/h2>\n<p style=\"text-align: center;\"><img loading=\"lazy\" decoding=\"async\" src=\"https:\/\/chavannes-le-veyron.ch\/wp-content\/uploads\/2021\/07\/journal_morges_logo.jpg\" alt=\"\" class=\"wp-image-875 alignnone size-full\" width=\"279\" height=\"110\" \/><\/p>\n<h2><\/h2>\n<h2>Articles du Journal de Morges<\/h2>\n<ul>\n<li>Pr\u00e9sentation de la  <a href=\"https:\/\/www.facebook.com\/share\/v\/15tQDDTFzw\/?mibextid=wwXIfr\" target=\"_blank\" rel=\"noopener\">vie locale de Chavannes-le-Veyron<\/a> par un de ses habitants, Marc Vial, Municipal.<\/li>\n<li><a title=\"Je\u00fbne de Chavannes-le-Veyron\" href=\"\/wp-content\/uploads\/2021\/07\/21_juin_journal_morges.pdf\" target=\"_blank\" rel=\"noopener\">Le Je\u00fbne de Chavannes-le-Veyron<\/a><\/li>\n<li><a title=\"Inauguration nom des rues\" href=\"\/wp-content\/uploads\/2021\/07\/inaug_journal_morges.pdf\" target=\"_blank\" rel=\"noopener\">Inauguration nom des rues<\/a><\/li>\n<li><a title=\"Tir F\u00e9d\u00e9rale\" href=\"\/wp-content\/uploads\/2021\/07\/tir_fed_journal_morges.pdf\" target=\"_blank\" rel=\"noopener\">Tir F\u00e9d\u00e9rale<\/a><\/li>\n<li><a title=\"Village proche de l'autarcie\" href=\"\/wp-content\/uploads\/2021\/07\/village_proche_de_l_autarcie_journal_morges.pdf\" target=\"_blank\" rel=\"noopener\">Village proche de l\u2019autarcie<\/a><\/li>\n<\/ul>\n<\/div>\n<p>[\/et_pb_text][\/et_pb_column][\/et_pb_row][\/et_pb_section]<\/p>\n","protected":false},"excerpt":{"rendered":"<p>Articles de presse Articles du Journal de Cossonay Joun\u00e9e du Martelage 27 novembre 2007 Premi\u00e8re cantonale pour l\u2019ASISEVV Op\u00e9ration coup de balai 2008 Nouveau municipal \u00e9lu Nouveau Syndic \u00e9lu Op\u00e9ration [&hellip;]<\/p>\n","protected":false},"author":1,"featured_media":0,"parent":0,"menu_order":0,"comment_status":"closed","ping_status":"closed","template":"","meta":{"_et_pb_use_builder":"on","_et_pb_old_content":"","_et_gb_content_width":"","footnotes":""},"class_list":["post-91","page","type-page","status-publish","hentry"],"_links":{"self":[{"href":"https:\/\/chavannes-le-veyron.ch\/index.php\/wp-json\/wp\/v2\/pages\/91","targetHints":{"allow":["GET"]}}],"collection":[{"href":"https:\/\/chavannes-le-veyron.ch\/index.php\/wp-json\/wp\/v2\/pages"}],"about":[{"href":"https:\/\/chavannes-le-veyron.ch\/index.php\/wp-json\/wp\/v2\/types\/page"}],"author":[{"embeddable":true,"href":"https:\/\/chavannes-le-veyron.ch\/index.php\/wp-json\/wp\/v2\/users\/1"}],"replies":[{"embeddable":true,"href":"https:\/\/chavannes-le-veyron.ch\/index.php\/wp-json\/wp\/v2\/comments?post=91"}],"version-history":[{"count":14,"href":"https:\/\/chavannes-le-veyron.ch\/index.php\/wp-json\/wp\/v2\/pages\/91\/revisions"}],"predecessor-version":[{"id":2624,"href":"https:\/\/chavannes-le-veyron.ch\/index.php\/wp-json\/wp\/v2\/pages\/91\/revisions\/2624"}],"wp:attachment":[{"href":"https:\/\/chavannes-le-veyron.ch\/index.php\/wp-json\/wp\/v2\/media?parent=91"}],"curies":[{"name":"wp","href":"https:\/\/api.w.org\/{rel}","templated":true}]}}