{"id":97,"date":"2021-05-15T15:35:14","date_gmt":"2021-05-15T13:35:14","guid":{"rendered":"http:\/\/chavannes-le-veyron.ch\/?page_id=97"},"modified":"2026-04-01T11:27:43","modified_gmt":"2026-04-01T09:27:43","slug":"97-2","status":"publish","type":"page","link":"https:\/\/chavannes-le-veyron.ch\/index.php\/97-2\/","title":{"rendered":"Dechetterie"},"content":{"rendered":"<p>[et_pb_section fb_built=\u00a0\u00bb1&Prime; _builder_version=\u00a0\u00bb4.20.4&Prime; _module_preset=\u00a0\u00bbdefault\u00a0\u00bb background_image=\u00a0\u00bbhttps:\/\/chavannes-le-veyron.ch\/wp-content\/uploads\/2023\/04\/Services-communaux-Dechetterie-DJI_0015-scaled.jpg\u00a0\u00bb background_position=\u00a0\u00bbbottom_right\u00a0\u00bb background_vertical_offset=\u00a0\u00bb27%\u00a0\u00bb min_height=\u00a0\u00bb345px\u00a0\u00bb custom_padding=\u00a0\u00bb||61px|||\u00a0\u00bb global_colors_info=\u00a0\u00bb{}\u00a0\u00bb][\/et_pb_section][et_pb_section fb_built=\u00a0\u00bb1&Prime; specialty=\u00a0\u00bbon\u00a0\u00bb _builder_version=\u00a0\u00bb4.16&Prime; _module_preset=\u00a0\u00bbdefault\u00a0\u00bb min_height=\u00a0\u00bb954.2px\u00a0\u00bb global_colors_info=\u00a0\u00bb{}\u00a0\u00bb][et_pb_column type=\u00a0\u00bb3_4&Prime; specialty_columns=\u00a0\u00bb3&Prime; _builder_version=\u00a0\u00bb4.16&Prime; custom_padding=\u00a0\u00bb|||\u00a0\u00bb global_colors_info=\u00a0\u00bb{}\u00a0\u00bb custom_padding__hover=\u00a0\u00bb|||\u00a0\u00bb][et_pb_row_inner _builder_version=\u00a0\u00bb4.22.1&Prime; _module_preset=\u00a0\u00bbdefault\u00a0\u00bb global_colors_info=\u00a0\u00bb{}\u00a0\u00bb][et_pb_column_inner saved_specialty_column_type=\u00a0\u00bb3_4&Prime; _builder_version=\u00a0\u00bb4.16&Prime; _module_preset=\u00a0\u00bbdefault\u00a0\u00bb global_colors_info=\u00a0\u00bb{}\u00a0\u00bb][et_pb_text _builder_version=\u00a0\u00bb4.27.6&Prime; _module_preset=\u00a0\u00bbdefault\u00a0\u00bb hover_enabled=\u00a0\u00bb0&Prime; global_colors_info=\u00a0\u00bb{}\u00a0\u00bb sticky_enabled=\u00a0\u00bb0&Prime;]<\/p>\n<h3>Horaires d\u2019ouverture et fermeture :<\/h3>\n<ul>\n<li>Un samedi sur deux\u00a0 de 09h00 \u00e0 11h30 pour tous les usagers<\/li>\n<li><a href=\"https:\/\/chavannes-le-veyron.ch\/wp-content\/uploads\/2026\/04\/Calendrier-dechetterie-2026.pdf\" target=\"_blank\" rel=\"noopener\">Calendrier D\u00e9chetterie 2026<\/a><\/li>\n<\/ul>\n<p>La d\u00e9chetterie est ferm\u00e9e les jours f\u00e9ri\u00e9s officiels (communaux, cantonaux, f\u00e9d\u00e9raux)<\/p>\n<p>Pour plus d\u2019informations, consultez le <a href=\"https:\/\/chavannes-le-veyron.ch\/wp-content\/uploads\/2026\/04\/Reglement-interieur-de-la-dechetterie-juin-2015.pdf\" target=\"_blank\" rel=\"noopener noreferrer\">r\u00e8glement int\u00e9rieur de la d\u00e9chetterie<\/a> ainsi que l\u2019<a href=\"\/wp-content\/uploads\/2021\/05\/a_b_c_dechets_2015.pdf\" target=\"_blank\" rel=\"noopener\">A-B-C des d\u00e9chets<\/a><\/p>\n<p>[\/et_pb_text][\/et_pb_column_inner][\/et_pb_row_inner][et_pb_row_inner _builder_version=\u00a0\u00bb4.16&Prime; _module_preset=\u00a0\u00bbdefault\u00a0\u00bb global_colors_info=\u00a0\u00bb{}\u00a0\u00bb][et_pb_column_inner saved_specialty_column_type=\u00a0\u00bb3_4&Prime; _builder_version=\u00a0\u00bb4.16&Prime; _module_preset=\u00a0\u00bbdefault\u00a0\u00bb global_colors_info=\u00a0\u00bb{}\u00a0\u00bb][et_pb_divider color=\u00a0\u00bb#0C71C3&Prime; _builder_version=\u00a0\u00bb4.16&Prime; _module_preset=\u00a0\u00bbdefault\u00a0\u00bb global_colors_info=\u00a0\u00bb{}\u00a0\u00bb][\/et_pb_divider][\/et_pb_column_inner][\/et_pb_row_inner][et_pb_row_inner _builder_version=\u00a0\u00bb4.16&Prime; _module_preset=\u00a0\u00bbdefault\u00a0\u00bb global_colors_info=\u00a0\u00bb{}\u00a0\u00bb][et_pb_column_inner saved_specialty_column_type=\u00a0\u00bb3_4&Prime; _builder_version=\u00a0\u00bb4.16&Prime; _module_preset=\u00a0\u00bbdefault\u00a0\u00bb global_colors_info=\u00a0\u00bb{}\u00a0\u00bb][et_pb_text _builder_version=\u00a0\u00bb4.19.5&Prime; _module_preset=\u00a0\u00bbdefault\u00a0\u00bb hover_enabled=\u00a0\u00bb0&Prime; global_colors_info=\u00a0\u00bb{}\u00a0\u00bb sticky_enabled=\u00a0\u00bb0&Prime;]<\/p>\n<header class=\"entry-header\">\n<h1 class=\"entry-title\">A-B-C des d\u00e9chets<\/h1>\n<\/header>\n<div class=\"entry-content\">\n<p>Que faire des d\u00e9chets ? O\u00f9 les acheminer ? <a href=\"http:\/\/www.chavannes-le-veyron.ch\/reglements\/a_b_c_dechets_2015.pdf\" target=\"_blank\" rel=\"noopener\">T\u00e9l\u00e9charger la brochure !<\/a><\/p>\n<h4>Les 5 gestes utiles des d\u00e9chets\u00a0:<\/h4>\n<ul>\n<li>\u00a0R\u00e9duire &#8211; le suremballage (acheter local)<\/li>\n<li>\u00a0R\u00e9utiliser &#8211; les v\u00eatements en offrant, \u00e9changeant<\/li>\n<li>\u00a0Remplacer &#8211; les toxiques par du savon<\/li>\n<li>\u00a0R\u00e9parer &#8211; les appareils, les meubles<\/li>\n<li>\u00a0Recycler\u00a0&#8211; en derni\u00e8re \u00e9tape<\/li>\n<\/ul>\n<p> Sachez que <strong>les points de vente ont une obligation l\u00e9gale de reprise <\/strong>(PET, OREA &#8211; appareils \u00e9lectriques et \u00e9lectroniques, piles, etc.). Privil\u00e9gier le retour au point de vente permet de diminuer les co\u00fbts de gestion des d\u00e9chets pour votre commune.<\/p>\n<p>Notez qu&rsquo;\u00e9craser les bouteilles en PET et tout autre emballage cartonn\u00e9 permet d\u2019\u00e9conomiser de l\u2019espace et donc, de l\u2019\u00e9nergie et des co\u00fbts.<\/p>\n<p>En outre, nous vous proposons la collecte des <strong>flaconnages<\/strong> \u00e0 la d\u00e9chetterie, en vous priant de respecter les r\u00e8gles d&rsquo;un tri strict des flaconnages des bouteilles \u00e0 boisson en PET! La fili\u00e8re du PET est financ\u00e9e par une taxe anticip\u00e9e de recyclage (TAR) et reproduit de la mati\u00e8re de tr\u00e8s haute qualit\u00e9 pour refabriquer des bouteilles.<\/p>\n<p>Quant aux <strong>d\u00e9chets verts<\/strong> provenant des propri\u00e9t\u00e9s de nos habitants, ils trouvent leur place \u00e0 la d\u00e9chetterie. Les entreprises de jardinage\/paysagisme sont par contre orient\u00e9es vers les d\u00e9p\u00f4ts les plus proches, par exemple la Composti\u00e8re de la Venoge \u00e0 Dizy (079 253 17 70). Veillez \u00e0 prendre prendre contact avec cette derni\u00e8re au pr\u00e9alable.<\/p>\n<p>Finalement, attention aux mat\u00e9riaux qui contiennent de <strong>l\u2019amiante<\/strong>, des pr\u00e9cautions sont \u00e0 prendre et ils ne sont en aucun cas admis \u00e0 la d\u00e9chetterie.<\/p>\n<\/div>\n<p>[\/et_pb_text][\/et_pb_column_inner][\/et_pb_row_inner][\/et_pb_column][et_pb_column type=\u00a0\u00bb1_4&Prime; _builder_version=\u00a0\u00bb4.16&Prime; custom_padding=\u00a0\u00bb|||\u00a0\u00bb global_colors_info=\u00a0\u00bb{}\u00a0\u00bb custom_padding__hover=\u00a0\u00bb|||\u00a0\u00bb][et_pb_sidebar area=\u00a0\u00bbet_pb_widget_area_5&Prime; show_border=\u00a0\u00bboff\u00a0\u00bb _builder_version=\u00a0\u00bb4.16&Prime; _module_preset=\u00a0\u00bbdefault\u00a0\u00bb text_orientation=\u00a0\u00bbleft\u00a0\u00bb locked=\u00a0\u00bboff\u00a0\u00bb global_colors_info=\u00a0\u00bb{}\u00a0\u00bb][\/et_pb_sidebar][et_pb_sidebar area=\u00a0\u00bbet_pb_widget_area_10&Prime; _builder_version=\u00a0\u00bb4.16&Prime; _module_preset=\u00a0\u00bbdefault\u00a0\u00bb custom_padding=\u00a0\u00bb12px|||8px|false|false\u00a0\u00bb sticky_position=\u00a0\u00bbtop_bottom\u00a0\u00bb sticky_position_tablet=\u00a0\u00bbnone\u00a0\u00bb sticky_position_phone=\u00a0\u00bb\u00a0\u00bb sticky_position_last_edited=\u00a0\u00bbon|tablet\u00a0\u00bb border_width_all=\u00a0\u00bb1px\u00a0\u00bb border_color_all=\u00a0\u00bb#0C71C3&Prime; global_colors_info=\u00a0\u00bb{}\u00a0\u00bb][\/et_pb_sidebar][\/et_pb_column][\/et_pb_section]<\/p>\n","protected":false},"excerpt":{"rendered":"<p>Horaires d\u2019ouverture et fermeture : Un samedi sur deux\u00a0 de 09h00 \u00e0 11h30 pour tous les usagers Calendrier D\u00e9chetterie 2026 La d\u00e9chetterie est ferm\u00e9e les jours f\u00e9ri\u00e9s officiels (communaux, cantonaux, [&hellip;]<\/p>\n","protected":false},"author":1,"featured_media":0,"parent":0,"menu_order":0,"comment_status":"closed","ping_status":"closed","template":"","meta":{"_et_pb_use_builder":"on","_et_pb_old_content":"","_et_gb_content_width":"","footnotes":""},"class_list":["post-97","page","type-page","status-publish","hentry"],"_links":{"self":[{"href":"https:\/\/chavannes-le-veyron.ch\/index.php\/wp-json\/wp\/v2\/pages\/97","targetHints":{"allow":["GET"]}}],"collection":[{"href":"https:\/\/chavannes-le-veyron.ch\/index.php\/wp-json\/wp\/v2\/pages"}],"about":[{"href":"https:\/\/chavannes-le-veyron.ch\/index.php\/wp-json\/wp\/v2\/types\/page"}],"author":[{"embeddable":true,"href":"https:\/\/chavannes-le-veyron.ch\/index.php\/wp-json\/wp\/v2\/users\/1"}],"replies":[{"embeddable":true,"href":"https:\/\/chavannes-le-veyron.ch\/index.php\/wp-json\/wp\/v2\/comments?post=97"}],"version-history":[{"count":41,"href":"https:\/\/chavannes-le-veyron.ch\/index.php\/wp-json\/wp\/v2\/pages\/97\/revisions"}],"predecessor-version":[{"id":3165,"href":"https:\/\/chavannes-le-veyron.ch\/index.php\/wp-json\/wp\/v2\/pages\/97\/revisions\/3165"}],"wp:attachment":[{"href":"https:\/\/chavannes-le-veyron.ch\/index.php\/wp-json\/wp\/v2\/media?parent=97"}],"curies":[{"name":"wp","href":"https:\/\/api.w.org\/{rel}","templated":true}]}}